{"id":3,"date":"2021-11-16T11:24:12","date_gmt":"2021-11-16T11:24:12","guid":{"rendered":"https:\/\/www.ecmanage.eu\/?page_id=3"},"modified":"2023-04-14T15:28:22","modified_gmt":"2023-04-14T15:28:22","slug":"politique-de-confidentialite","status":"publish","type":"page","link":"https:\/\/www.ecmanage.org\/fr\/politique-de-confidentialite\/","title":{"rendered":"Politique de confidentialit\u00e9"},"content":{"rendered":"<div data-elementor-type=\"wp-page\" data-elementor-id=\"3\" class=\"elementor elementor-3\" data-elementor-settings=\"{&quot;ha_cmc_init_switcher&quot;:&quot;no&quot;}\" data-elementor-post-type=\"page\">\n\t\t\t\t\t\t<section class=\"elementor-section elementor-top-section elementor-element elementor-element-558d779f elementor-section-boxed elementor-section-height-default elementor-section-height-default\" data-id=\"558d779f\" data-element_type=\"section\" data-settings=\"{&quot;_ha_eqh_enable&quot;:false}\">\n\t\t\t\t\t\t<div class=\"elementor-container elementor-column-gap-default\">\n\t\t\t\t\t<div class=\"elementor-column elementor-col-100 elementor-top-column elementor-element elementor-element-6e6f9769\" data-id=\"6e6f9769\" data-element_type=\"column\">\n\t\t\t<div class=\"elementor-widget-wrap elementor-element-populated\">\n\t\t\t\t\t\t<div class=\"elementor-element elementor-element-129a58c2 elementor-widget elementor-widget-text-editor\" data-id=\"129a58c2\" data-element_type=\"widget\" data-widget_type=\"text-editor.default\">\n\t\t\t\t<div class=\"elementor-widget-container\">\n\t\t\t\t\t\t\t\t\t<p><\/p>\n<p>Ecmanage BV, situ\u00e9 \u00e0 Laan van Vredenoord 33, 2289 DA RIJSWIJK, est responsable du traitement des donn\u00e9es \u00e0 caract\u00e8re personnel comme indiqu\u00e9 dans la pr\u00e9sente d\u00e9claration de confidentialit\u00e9.<\/p>\n<p><\/p>\n<h2 class=\"wp-block-heading\">Coordonn\u00e9es de la personne \u00e0 contacter :<\/h2>\n<p><\/p>\n<p><a href=\"mailto:info@ecmanage.eu\">info@ecmanage.eu<\/a><br \/>Laan van Vredenoord 33<br \/>2289 DA Rijswijk<br \/>Pays-Bas<br \/>+31 (0)70 4157120<\/p>\n<p><\/p>\n<h2 class=\"wp-block-heading\">Donn\u00e9es personnelles que nous traitons<\/h2>\n<p><\/p>\n<p>Ecmanage traite vos donn\u00e9es personnelles parce que vous utilisez nos services et\/ou parce que vous nous les fournissez vous-m\u00eame. Vous trouverez ci-dessous un aper\u00e7u des informations personnelles que nous traitons : Nom et pr\u00e9nom, nom de la soci\u00e9t\u00e9, num\u00e9ro de t\u00e9l\u00e9phone et adresse \u00e9lectronique.<\/p>\n<p><\/p>\n<h2 class=\"wp-block-heading\">Donn\u00e9es personnelles sp\u00e9ciales et\/ou sensibles que nous traitons<\/h2>\n<p><\/p>\n<p>Nous ne traitons pas de donn\u00e9es personnelles sp\u00e9ciales et\/ou sensibles.<\/p>\n<p><\/p>\n<h2 class=\"wp-block-heading\">Dans quel but et sur quelle base traitons-nous les donn\u00e9es \u00e0 caract\u00e8re personnel ?<\/h2>\n<p><\/p>\n<p>Ecmanage traite vos donn\u00e9es personnelles aux fins suivantes : Vous envoyer notre lettre d'information et\/ou notre brochure publicitaire\/ Pouvoir vous appeler ou vous envoyer un e-mail si cela est n\u00e9cessaire pour fournir nos services ; Vous informer des changements apport\u00e9s \u00e0 nos services et produits.<\/p>\n<p><\/p>\n<h2 class=\"wp-block-heading\">Prise de d\u00e9cision automatis\u00e9e<\/h2>\n<p><\/p>\n<p>Ecmanage ne prend pas de d\u00e9cisions sur la base d'un traitement automatis\u00e9 susceptible d'affecter (de mani\u00e8re significative) des personnes. Il s'agit de d\u00e9cisions prises par des programmes ou des syst\u00e8mes informatiques, sans l'intervention d'une personne (par exemple, un employ\u00e9 d'Ecmanage).<\/p>\n<p><\/p>\n<h2 class=\"wp-block-heading\">Dur\u00e9e de conservation des donn\u00e9es personnelles<\/h2>\n<p><\/p>\n<p>Ecmanage ne conserve pas vos donn\u00e9es personnelles plus longtemps que ce qui est strictement n\u00e9cessaire pour atteindre les objectifs pour lesquels vos donn\u00e9es sont collect\u00e9es.<\/p>\n<p><\/p>\n<h2 class=\"wp-block-heading\">Partage des donn\u00e9es personnelles avec des tiers<\/h2>\n<p><\/p>\n<p>Ecmanage ne fournit des informations \u00e0 des tiers que si cela est n\u00e9cessaire pour la mise en \u0153uvre de notre accord avec vous ou pour r\u00e9pondre \u00e0 une obligation l\u00e9gale.<\/p>\n<p><\/p>\n<h2 class=\"wp-block-heading\">Cookies, ou techniques similaires, que nous utilisons<\/h2>\n<p><\/p>\n<p>Sur ce site web, Ecmanage utilise des cookies de session et des m\u00e9moires de session. Les cookies de session sont des cookies fonctionnels, destin\u00e9s \u00e0 assurer le bon fonctionnement du site web. Comme les cookies de session que nous utilisons sont des cookies fonctionnels, il n'est pas n\u00e9cessaire de demander d'abord la permission \u00e0 l'internaute. Ces cookies contiennent un num\u00e9ro diff\u00e9rent et temporaire \u00e0 chaque fois que vous visitez le site web. Les cookies de session sont supprim\u00e9s apr\u00e8s la fermeture de votre navigateur.<\/p>\n<p><\/p>\n<p>Ce site web utilise aussi sp\u00e9cifiquement des cookies de suivi pour collecter des informations sur les visites de pages. \u00c0 cet effet, vous avez d\u00e9j\u00e0 re\u00e7u un dialogue vous permettant de d\u00e9finir vos pr\u00e9f\u00e9rences. Vous pouvez \u00e9galement cliquer sur\u00a0<a href=\"https:\/\/www.ecmanage.nl\/en-gb\/privacystatement.aspx#\">ici<\/a>pour consulter ou modifier ces pr\u00e9f\u00e9rences.<\/p>\n<p><span lang=\"EN-US\" style=\"font-size: 11pt;\">Pour mesurer l'utilisation commerciale de notre site web, nous utilisons le service de Leadinfo, Rotterdam, Pays-Bas. Ce service nous indique les noms et adresses des entreprises sur la base des adresses IP de nos visiteurs. <\/span><span style=\"font-size: 11pt;\">L'adresse IP n'est pas prise en compte.<\/span><\/p>\n<p><\/p>\n<h2 class=\"wp-block-heading\">Visualiser, ajuster ou supprimer des donn\u00e9es<\/h2>\n<p><\/p>\n<p>Sur demande, nous informons les visiteurs de notre site web des donn\u00e9es personnelles qui sont trait\u00e9es \u00e0 leur sujet. Toute donn\u00e9e incorrecte peut \u00eatre corrig\u00e9e, compl\u00e9t\u00e9e ou supprim\u00e9e. Si vous souhaitez acc\u00e9der \u00e0 ces informations ou corriger vos donn\u00e9es personnelles, veuillez nous contacter \u00e0 l'adresse ci-dessus.<\/p>\n<p><\/p>\n<h2 class=\"wp-block-heading\">Comment nous prot\u00e9geons les donn\u00e9es personnelles<\/h2>\n<p><\/p>\n<p>Ecmanage prend au s\u00e9rieux la protection de vos donn\u00e9es et prend des mesures appropri\u00e9es pour \u00e9viter les abus, les pertes, les acc\u00e8s non autoris\u00e9s, les divulgations non d\u00e9sir\u00e9es et les modifications non autoris\u00e9es. Si vous avez l'impression que vos donn\u00e9es ne sont pas correctement s\u00e9curis\u00e9es ou qu'il existe des indices d'abus, veuillez nous contacter \u00e0 l'adresse suivante\u00a0<a href=\"mailto:info@ecmanage.eu\">info@ecmanage.eu<\/a>.<\/p>\n<p><\/p>\t\t\t\t\t\t\t\t<\/div>\n\t\t\t\t<\/div>\n\t\t\t\t\t<\/div>\n\t\t<\/div>\n\t\t\t\t\t<\/div>\n\t\t<\/section>\n\t\t\t\t<\/div>","protected":false},"excerpt":{"rendered":"<p>Ecmanage BV, situ\u00e9 \u00e0 Laan van Vredenoord 33, 2289 DA RIJSWIJK, est responsable du traitement des donn\u00e9es personnelles comme indiqu\u00e9 dans cette d\u00e9claration de confidentialit\u00e9. Coordonn\u00e9es : info@ecmanage.euLaan van Vredenoord 332289 DA RijswijkLes Pays-Bas+31 (0)70 4157120 Donn\u00e9es personnelles que nous traitons Ecmanage traite vos donn\u00e9es personnelles parce que vous utilisez nos services et\/ou parce que...<\/p>","protected":false},"author":1,"featured_media":0,"parent":0,"menu_order":0,"comment_status":"closed","ping_status":"closed","template":"","meta":{"_eb_attr":"","footnotes":"","_links_to":"","_links_to_target":""},"class_list":["post-3","page","type-page","status-publish","hentry"],"yoast_head":"<!-- This site is optimized with the Yoast SEO plugin v26.7 - https:\/\/yoast.com\/wordpress\/plugins\/seo\/ -->\n<title>Privacy Policy - www.ecmanage.eu<\/title>\n<meta name=\"robots\" content=\"index, follow, max-snippet:-1, max-image-preview:large, max-video-preview:-1\" \/>\n<link rel=\"canonical\" href=\"https:\/\/www.ecmanage.org\/fr\/politique-de-confidentialite\/\" \/>\n<meta property=\"og:locale\" content=\"fr_FR\" \/>\n<meta property=\"og:type\" content=\"article\" \/>\n<meta property=\"og:title\" content=\"Privacy Policy - www.ecmanage.eu\" \/>\n<meta property=\"og:description\" content=\"Ecmanage BV, located at Laan van Vredenoord 33, 2289 DA RIJSWIJK, is responsible for the processing of personal data as shown in this privacy statement. Contact details: info@ecmanage.euLaan van Vredenoord 332289 DA RijswijkThe Netherlands+31 (0)70 4157120 Personal data that we process Ecmanage processes your personal data because you make use of our services and\/or because...\" \/>\n<meta property=\"og:url\" content=\"https:\/\/www.ecmanage.org\/fr\/politique-de-confidentialite\/\" \/>\n<meta property=\"og:site_name\" content=\"www.ecmanage.eu\" \/>\n<meta property=\"article:modified_time\" content=\"2023-04-14T15:28:22+00:00\" \/>\n<meta name=\"twitter:card\" content=\"summary_large_image\" \/>\n<meta name=\"twitter:label1\" content=\"Dur\u00e9e de lecture estim\u00e9e\" \/>\n\t<meta name=\"twitter:data1\" content=\"3 minutes\" \/>\n<script type=\"application\/ld+json\" class=\"yoast-schema-graph\">{\"@context\":\"https:\/\/schema.org\",\"@graph\":[{\"@type\":\"WebPage\",\"@id\":\"https:\/\/www.ecmanage.org\/privacy-policy\/\",\"url\":\"https:\/\/www.ecmanage.org\/privacy-policy\/\",\"name\":\"Privacy Policy - www.ecmanage.eu\",\"isPartOf\":{\"@id\":\"https:\/\/www.ecmanage.org\/de\/#website\"},\"datePublished\":\"2021-11-16T11:24:12+00:00\",\"dateModified\":\"2023-04-14T15:28:22+00:00\",\"breadcrumb\":{\"@id\":\"https:\/\/www.ecmanage.org\/privacy-policy\/#breadcrumb\"},\"inLanguage\":\"fr-FR\",\"potentialAction\":[{\"@type\":\"ReadAction\",\"target\":[\"https:\/\/www.ecmanage.org\/privacy-policy\/\"]}]},{\"@type\":\"BreadcrumbList\",\"@id\":\"https:\/\/www.ecmanage.org\/privacy-policy\/#breadcrumb\",\"itemListElement\":[{\"@type\":\"ListItem\",\"position\":1,\"name\":\"Home\",\"item\":\"https:\/\/www.ecmanage.org\/de\/\"},{\"@type\":\"ListItem\",\"position\":2,\"name\":\"Privacy Policy\"}]},{\"@type\":\"WebSite\",\"@id\":\"https:\/\/www.ecmanage.org\/de\/#website\",\"url\":\"https:\/\/www.ecmanage.org\/de\/\",\"name\":\"www.ecmanage.eu\",\"description\":\"Wardrobe Management System - It&#039;s Online, It&#039;s Easy\",\"publisher\":{\"@id\":\"https:\/\/www.ecmanage.org\/de\/#organization\"},\"potentialAction\":[{\"@type\":\"SearchAction\",\"target\":{\"@type\":\"EntryPoint\",\"urlTemplate\":\"https:\/\/www.ecmanage.org\/de\/?s={search_term_string}\"},\"query-input\":{\"@type\":\"PropertyValueSpecification\",\"valueRequired\":true,\"valueName\":\"search_term_string\"}}],\"inLanguage\":\"fr-FR\"},{\"@type\":\"Organization\",\"@id\":\"https:\/\/www.ecmanage.org\/de\/#organization\",\"name\":\"www.ecmanage.eu\",\"url\":\"https:\/\/www.ecmanage.org\/de\/\",\"logo\":{\"@type\":\"ImageObject\",\"inLanguage\":\"fr-FR\",\"@id\":\"https:\/\/www.ecmanage.org\/de\/#\/schema\/logo\/image\/\",\"url\":\"https:\/\/www.ecmanage.org\/wp-content\/uploads\/2021\/11\/Ecmanage_logo.png\",\"contentUrl\":\"https:\/\/www.ecmanage.org\/wp-content\/uploads\/2021\/11\/Ecmanage_logo.png\",\"width\":323,\"height\":106,\"caption\":\"www.ecmanage.eu\"},\"image\":{\"@id\":\"https:\/\/www.ecmanage.org\/de\/#\/schema\/logo\/image\/\"}}]}<\/script>\n<!-- \/ Yoast SEO plugin. -->","yoast_head_json":{"title":"Politique de confidentialit\u00e9 - www.ecmanage.eu","robots":{"index":"index","follow":"follow","max-snippet":"max-snippet:-1","max-image-preview":"max-image-preview:large","max-video-preview":"max-video-preview:-1"},"canonical":"https:\/\/www.ecmanage.org\/fr\/politique-de-confidentialite\/","og_locale":"fr_FR","og_type":"article","og_title":"Privacy Policy - www.ecmanage.eu","og_description":"Ecmanage BV, located at Laan van Vredenoord 33, 2289 DA RIJSWIJK, is responsible for the processing of personal data as shown in this privacy statement. Contact details: info@ecmanage.euLaan van Vredenoord 332289 DA RijswijkThe Netherlands+31 (0)70 4157120 Personal data that we process Ecmanage processes your personal data because you make use of our services and\/or because...","og_url":"https:\/\/www.ecmanage.org\/fr\/politique-de-confidentialite\/","og_site_name":"www.ecmanage.eu","article_modified_time":"2023-04-14T15:28:22+00:00","twitter_card":"summary_large_image","twitter_misc":{"Dur\u00e9e de lecture estim\u00e9e":"3 minutes"},"schema":{"@context":"https:\/\/schema.org","@graph":[{"@type":"WebPage","@id":"https:\/\/www.ecmanage.org\/privacy-policy\/","url":"https:\/\/www.ecmanage.org\/privacy-policy\/","name":"Politique de confidentialit\u00e9 - www.ecmanage.eu","isPartOf":{"@id":"https:\/\/www.ecmanage.org\/de\/#website"},"datePublished":"2021-11-16T11:24:12+00:00","dateModified":"2023-04-14T15:28:22+00:00","breadcrumb":{"@id":"https:\/\/www.ecmanage.org\/privacy-policy\/#breadcrumb"},"inLanguage":"fr-FR","potentialAction":[{"@type":"ReadAction","target":["https:\/\/www.ecmanage.org\/privacy-policy\/"]}]},{"@type":"BreadcrumbList","@id":"https:\/\/www.ecmanage.org\/privacy-policy\/#breadcrumb","itemListElement":[{"@type":"ListItem","position":1,"name":"Home","item":"https:\/\/www.ecmanage.org\/de\/"},{"@type":"ListItem","position":2,"name":"Privacy Policy"}]},{"@type":"WebSite","@id":"https:\/\/www.ecmanage.org\/de\/#website","url":"https:\/\/www.ecmanage.org\/de\/","name":"www.ecmanage.eu","description":"Syst\u00e8me de gestion de garde-robe - C'est en ligne, c'est facile","publisher":{"@id":"https:\/\/www.ecmanage.org\/de\/#organization"},"potentialAction":[{"@type":"SearchAction","target":{"@type":"EntryPoint","urlTemplate":"https:\/\/www.ecmanage.org\/de\/?s={search_term_string}"},"query-input":{"@type":"PropertyValueSpecification","valueRequired":true,"valueName":"search_term_string"}}],"inLanguage":"fr-FR"},{"@type":"Organization","@id":"https:\/\/www.ecmanage.org\/de\/#organization","name":"www.ecmanage.eu","url":"https:\/\/www.ecmanage.org\/de\/","logo":{"@type":"ImageObject","inLanguage":"fr-FR","@id":"https:\/\/www.ecmanage.org\/de\/#\/schema\/logo\/image\/","url":"https:\/\/www.ecmanage.org\/wp-content\/uploads\/2021\/11\/Ecmanage_logo.png","contentUrl":"https:\/\/www.ecmanage.org\/wp-content\/uploads\/2021\/11\/Ecmanage_logo.png","width":323,"height":106,"caption":"www.ecmanage.eu"},"image":{"@id":"https:\/\/www.ecmanage.org\/de\/#\/schema\/logo\/image\/"}}]}},"_links":{"self":[{"href":"https:\/\/www.ecmanage.org\/fr\/wp-json\/wp\/v2\/pages\/3","targetHints":{"allow":["GET"]}}],"collection":[{"href":"https:\/\/www.ecmanage.org\/fr\/wp-json\/wp\/v2\/pages"}],"about":[{"href":"https:\/\/www.ecmanage.org\/fr\/wp-json\/wp\/v2\/types\/page"}],"author":[{"embeddable":true,"href":"https:\/\/www.ecmanage.org\/fr\/wp-json\/wp\/v2\/users\/1"}],"replies":[{"embeddable":true,"href":"https:\/\/www.ecmanage.org\/fr\/wp-json\/wp\/v2\/comments?post=3"}],"version-history":[{"count":12,"href":"https:\/\/www.ecmanage.org\/fr\/wp-json\/wp\/v2\/pages\/3\/revisions"}],"predecessor-version":[{"id":3176,"href":"https:\/\/www.ecmanage.org\/fr\/wp-json\/wp\/v2\/pages\/3\/revisions\/3176"}],"wp:attachment":[{"href":"https:\/\/www.ecmanage.org\/fr\/wp-json\/wp\/v2\/media?parent=3"}],"curies":[{"name":"wp","href":"https:\/\/api.w.org\/{rel}","templated":true}]}}