{"id":24,"date":"2021-11-22T15:30:47","date_gmt":"2021-11-22T15:30:47","guid":{"rendered":"https:\/\/www.ecmanage.eu\/?page_id=24"},"modified":"2025-05-27T15:30:34","modified_gmt":"2025-05-27T13:30:34","slug":"fonctionnalites","status":"publish","type":"page","link":"https:\/\/www.ecmanage.org\/fr\/fonctionnalites\/","title":{"rendered":"Fonctionnalit\u00e9s"},"content":{"rendered":"<div data-elementor-type=\"wp-page\" data-elementor-id=\"24\" class=\"elementor elementor-24\" data-elementor-settings=\"{&quot;ha_cmc_init_switcher&quot;:&quot;no&quot;}\" data-elementor-post-type=\"page\">\n\t\t\t\t\t\t<section class=\"elementor-section elementor-top-section elementor-element elementor-element-9d0d997 elementor-section-height-min-height elementor-section-boxed elementor-section-height-default elementor-section-items-middle\" data-id=\"9d0d997\" data-element_type=\"section\" data-settings=\"{&quot;background_background&quot;:&quot;classic&quot;,&quot;_ha_eqh_enable&quot;:false}\">\n\t\t\t\t\t\t\t<div class=\"elementor-background-overlay\"><\/div>\n\t\t\t\t\t\t\t<div class=\"elementor-container elementor-column-gap-default\">\n\t\t\t\t\t<div class=\"elementor-column elementor-col-100 elementor-top-column elementor-element elementor-element-288e225\" data-id=\"288e225\" data-element_type=\"column\">\n\t\t\t<div class=\"elementor-widget-wrap elementor-element-populated\">\n\t\t\t\t\t\t<div class=\"elementor-element elementor-element-2449960 elementor-widget elementor-widget-heading\" data-id=\"2449960\" data-element_type=\"widget\" data-widget_type=\"heading.default\">\n\t\t\t\t<div class=\"elementor-widget-container\">\n\t\t\t\t\t<h2 class=\"elementor-heading-title elementor-size-default\"><span style=\"font-weight: normal\">Fonctionnalit\u00e9s<\/span><\/h2>\t\t\t\t<\/div>\n\t\t\t\t<\/div>\n\t\t\t\t\t<\/div>\n\t\t<\/div>\n\t\t\t\t\t<\/div>\n\t\t<\/section>\n\t\t\t\t<section class=\"elementor-section elementor-top-section elementor-element elementor-element-0d63a71 elementor-section-boxed elementor-section-height-default elementor-section-height-default\" data-id=\"0d63a71\" data-element_type=\"section\" data-settings=\"{&quot;_ha_eqh_enable&quot;:false}\">\n\t\t\t\t\t\t<div class=\"elementor-container elementor-column-gap-default\">\n\t\t\t\t\t<div class=\"elementor-column elementor-col-100 elementor-top-column elementor-element elementor-element-3fcc592\" data-id=\"3fcc592\" data-element_type=\"column\">\n\t\t\t<div class=\"elementor-widget-wrap elementor-element-populated\">\n\t\t\t\t\t\t<div class=\"elementor-element elementor-element-0be8ee7 elementor-widget elementor-widget-text-editor\" data-id=\"0be8ee7\" data-element_type=\"widget\" data-widget_type=\"text-editor.default\">\n\t\t\t\t<div class=\"elementor-widget-container\">\n\t\t\t\t\t\t\t\t\t<p>Notre syst\u00e8me est utilis\u00e9 par des fournisseurs de v\u00eatements et d'\u00e9quipements de protection individuelle, des clients ayant leurs propres v\u00eatements professionnels et des personnes qui commandent leurs v\u00eatements professionnels.\nEcmanage dispose d'un grand nombre de modules standard, que vous pouvez toujours utiliser lorsque vous achetez Ecmanage. Par ailleurs, nous proposons d'autres extensions pour les clients qui souhaitent configurer plus sp\u00e9cifiquement leur environnement client.<\/p>\t\t\t\t\t\t\t\t<\/div>\n\t\t\t\t<\/div>\n\t\t\t\t\t<\/div>\n\t\t<\/div>\n\t\t\t\t\t<\/div>\n\t\t<\/section>\n\t\t\t\t<section class=\"elementor-section elementor-top-section elementor-element elementor-element-d39275c elementor-section-boxed elementor-section-height-default elementor-section-height-default\" data-id=\"d39275c\" data-element_type=\"section\" data-settings=\"{&quot;_ha_eqh_enable&quot;:false}\">\n\t\t\t\t\t\t<div class=\"elementor-container elementor-column-gap-default\">\n\t\t\t\t\t<div class=\"elementor-column elementor-col-50 elementor-top-column elementor-element elementor-element-19b3c58\" data-id=\"19b3c58\" data-element_type=\"column\">\n\t\t\t<div class=\"elementor-widget-wrap elementor-element-populated\">\n\t\t\t\t\t\t<div class=\"elementor-element elementor-element-870bff6 elementor-widget elementor-widget-heading\" data-id=\"870bff6\" data-element_type=\"widget\" data-widget_type=\"heading.default\">\n\t\t\t\t<div class=\"elementor-widget-container\">\n\t\t\t\t\t<h2 class=\"elementor-heading-title elementor-size-default\"><span style=\"font-weight: normal\">Modules standard<\/span><\/h2>\t\t\t\t<\/div>\n\t\t\t\t<\/div>\n\t\t\t\t<div class=\"elementor-element elementor-element-b8cff5c elementor-widget elementor-widget-text-editor\" data-id=\"b8cff5c\" data-element_type=\"widget\" data-widget_type=\"text-editor.default\">\n\t\t\t\t<div class=\"elementor-widget-container\">\n\t\t\t\t\t\t\t\t\t<p>Ecmanage est une plateforme aux multiples possibilit\u00e9s. La version standard d'Ecmanage offre:<\/p><ul><li>Commander avec un budget personnalis\u00e9<\/li><li>Lots de v\u00eatements<\/li><li>Propre hi\u00e9rarchie de service pour les clients<\/li><li>Validation pendant le processus de commande<\/li><li>Travailler avec des tailles diff\u00e9rentes<\/li><li>Enregistrer les retours et les restitutions<\/li><li>Produits personnalis\u00e9s<\/li><li>Conditions d'utilisation<\/li><li>Module client<\/li><li>Rapports<\/li><li>Payer avec diff\u00e9rents modes de paiement<\/li><li>Liste de contr\u00f4le du portail<\/li><li>Votre client a sa propre mise en page<\/li><li>Module auto-enregistrement<\/li><li>Asset management<\/li><li>Module r\u00e9clamations<\/li><\/ul>\t\t\t\t\t\t\t\t<\/div>\n\t\t\t\t<\/div>\n\t\t\t\t<div class=\"elementor-element elementor-element-c86ba95 elementor-align-left elementor-widget__width-inherit elementor-widget elementor-widget-button\" data-id=\"c86ba95\" data-element_type=\"widget\" data-widget_type=\"button.default\">\n\t\t\t\t<div class=\"elementor-widget-container\">\n\t\t\t\t\t\t\t\t\t<div class=\"elementor-button-wrapper\">\n\t\t\t\t\t<a class=\"elementor-button elementor-button-link elementor-size-sm\" href=\"https:\/\/www.ecmanage.org\/fr\/modules-standard\/\">\n\t\t\t\t\t\t<span class=\"elementor-button-content-wrapper\">\n\t\t\t\t\t\t\t\t\t<span class=\"elementor-button-text\">En savoir plus<\/span>\n\t\t\t\t\t<\/span>\n\t\t\t\t\t<\/a>\n\t\t\t\t<\/div>\n\t\t\t\t\t\t\t\t<\/div>\n\t\t\t\t<\/div>\n\t\t\t\t\t<\/div>\n\t\t<\/div>\n\t\t\t\t<div class=\"elementor-column elementor-col-50 elementor-top-column elementor-element elementor-element-2c5151c\" data-id=\"2c5151c\" data-element_type=\"column\">\n\t\t\t<div class=\"elementor-widget-wrap elementor-element-populated\">\n\t\t\t\t\t\t<div class=\"elementor-element elementor-element-5e67146 elementor-widget elementor-widget-heading\" data-id=\"5e67146\" data-element_type=\"widget\" data-widget_type=\"heading.default\">\n\t\t\t\t<div class=\"elementor-widget-container\">\n\t\t\t\t\t<h2 class=\"elementor-heading-title elementor-size-default\"><span style=\"font-weight: normal\">Modules suppl\u00e9mentaires<\/span><\/h2>\t\t\t\t<\/div>\n\t\t\t\t<\/div>\n\t\t\t\t<div class=\"elementor-element elementor-element-21af74d elementor-widget elementor-widget-text-editor\" data-id=\"21af74d\" data-element_type=\"widget\" data-widget_type=\"text-editor.default\">\n\t\t\t\t<div class=\"elementor-widget-container\">\n\t\t\t\t\t\t\t\t\t<p>Outre les modules standard, il est \u00e9galement possible d'acheter des modules suppl\u00e9mentaires:<\/p>\n<ul>\n<li><span style=\"background-color: transparent;\">Module projets<\/span><\/li>\n<li>Module stock<\/li>\n<li>Validation de l'adresse<\/li>\n<li>Liens avec les syst\u00e8mes ERP<\/li>\n<li>Couplage OCI<\/li>\n<li>Single Sign On<\/li>\n<li>Module horaires d'ouverture<\/li>\n<li>Module \u00e9coles<\/li>\n<\/ul>\t\t\t\t\t\t\t\t<\/div>\n\t\t\t\t<\/div>\n\t\t\t\t<div class=\"elementor-element elementor-element-d7c1203 elementor-align-left elementor-widget__width-inherit elementor-widget elementor-widget-button\" data-id=\"d7c1203\" data-element_type=\"widget\" data-widget_type=\"button.default\">\n\t\t\t\t<div class=\"elementor-widget-container\">\n\t\t\t\t\t\t\t\t\t<div class=\"elementor-button-wrapper\">\n\t\t\t\t\t<a class=\"elementor-button elementor-button-link elementor-size-sm\" href=\"https:\/\/www.ecmanage.org\/fr\/modules-supplementaires\/\">\n\t\t\t\t\t\t<span class=\"elementor-button-content-wrapper\">\n\t\t\t\t\t\t\t\t\t<span class=\"elementor-button-text\">En savoir plus<\/span>\n\t\t\t\t\t<\/span>\n\t\t\t\t\t<\/a>\n\t\t\t\t<\/div>\n\t\t\t\t\t\t\t\t<\/div>\n\t\t\t\t<\/div>\n\t\t\t\t\t<\/div>\n\t\t<\/div>\n\t\t\t\t\t<\/div>\n\t\t<\/section>\n\t\t\t\t<section class=\"elementor-section elementor-top-section elementor-element elementor-element-9bc3521 elementor-section-boxed elementor-section-height-default elementor-section-height-default\" data-id=\"9bc3521\" data-element_type=\"section\" data-settings=\"{&quot;_ha_eqh_enable&quot;:false}\">\n\t\t\t\t\t\t<div class=\"elementor-container elementor-column-gap-default\">\n\t\t\t\t\t<div class=\"elementor-column elementor-col-50 elementor-top-column elementor-element elementor-element-f9b1787\" data-id=\"f9b1787\" data-element_type=\"column\">\n\t\t\t<div class=\"elementor-widget-wrap elementor-element-populated\">\n\t\t\t\t\t\t<div class=\"elementor-element elementor-element-9bd027f elementor-widget elementor-widget-heading\" data-id=\"9bd027f\" data-element_type=\"widget\" data-widget_type=\"heading.default\">\n\t\t\t\t<div class=\"elementor-widget-container\">\n\t\t\t\t\t<h2 class=\"elementor-heading-title elementor-size-default\"><span style=\"font-weight: normal\">Int\u00e9grations<\/span><\/h2>\t\t\t\t<\/div>\n\t\t\t\t<\/div>\n\t\t\t\t<div class=\"elementor-element elementor-element-b37a29a elementor-widget elementor-widget-text-editor\" data-id=\"b37a29a\" data-element_type=\"widget\" data-widget_type=\"text-editor.default\">\n\t\t\t\t<div class=\"elementor-widget-container\">\n\t\t\t\t\t\t\t\t\tEcmanage dispose d'interfaces standard pr\u00eates pour les syst\u00e8mes ERP standard. En cas de personnalisation,\t\t\t\t\t\t\t\t<\/div>\n\t\t\t\t<\/div>\n\t\t\t\t<div class=\"elementor-element elementor-element-62b22e9 elementor-align-left elementor-widget__width-inherit elementor-widget elementor-widget-button\" data-id=\"62b22e9\" data-element_type=\"widget\" data-widget_type=\"button.default\">\n\t\t\t\t<div class=\"elementor-widget-container\">\n\t\t\t\t\t\t\t\t\t<div class=\"elementor-button-wrapper\">\n\t\t\t\t\t<a class=\"elementor-button elementor-button-link elementor-size-sm\" href=\"https:\/\/www.ecmanage.eu\/integrations\/\">\n\t\t\t\t\t\t<span class=\"elementor-button-content-wrapper\">\n\t\t\t\t\t\t\t\t\t<span class=\"elementor-button-text\">En savoir plus<\/span>\n\t\t\t\t\t<\/span>\n\t\t\t\t\t<\/a>\n\t\t\t\t<\/div>\n\t\t\t\t\t\t\t\t<\/div>\n\t\t\t\t<\/div>\n\t\t\t\t\t<\/div>\n\t\t<\/div>\n\t\t\t\t<div class=\"elementor-column elementor-col-50 elementor-top-column elementor-element elementor-element-4c5c2b3\" data-id=\"4c5c2b3\" data-element_type=\"column\">\n\t\t\t<div class=\"elementor-widget-wrap elementor-element-populated\">\n\t\t\t\t\t\t<div class=\"elementor-element elementor-element-be9c152 elementor-widget elementor-widget-heading\" data-id=\"be9c152\" data-element_type=\"widget\" data-widget_type=\"heading.default\">\n\t\t\t\t<div class=\"elementor-widget-container\">\n\t\t\t\t\t<h2 class=\"elementor-heading-title elementor-size-default\"><span style=\"font-weight: normal\">L'application native d'Ecmanage<\/span><\/h2>\t\t\t\t<\/div>\n\t\t\t\t<\/div>\n\t\t\t\t<div class=\"elementor-element elementor-element-0ec4d3f elementor-widget elementor-widget-text-editor\" data-id=\"0ec4d3f\" data-element_type=\"widget\" data-widget_type=\"text-editor.default\">\n\t\t\t\t<div class=\"elementor-widget-container\">\n\t\t\t\t\t\t\t\t\t<p>Avec la nouvelle application Native d'Ecmanage, il est possible de commander des v\u00eatements rapidement et facilement n'importe o\u00f9.<\/p>\t\t\t\t\t\t\t\t<\/div>\n\t\t\t\t<\/div>\n\t\t\t\t<div class=\"elementor-element elementor-element-b5ed6a0 elementor-align-left elementor-widget__width-inherit elementor-widget elementor-widget-button\" data-id=\"b5ed6a0\" data-element_type=\"widget\" data-widget_type=\"button.default\">\n\t\t\t\t<div class=\"elementor-widget-container\">\n\t\t\t\t\t\t\t\t\t<div class=\"elementor-button-wrapper\">\n\t\t\t\t\t<a class=\"elementor-button elementor-button-link elementor-size-sm\" href=\"https:\/\/www.ecmanage.org\/fr\/application-native\/\">\n\t\t\t\t\t\t<span class=\"elementor-button-content-wrapper\">\n\t\t\t\t\t\t\t\t\t<span class=\"elementor-button-text\">En savoir plus<\/span>\n\t\t\t\t\t<\/span>\n\t\t\t\t\t<\/a>\n\t\t\t\t<\/div>\n\t\t\t\t\t\t\t\t<\/div>\n\t\t\t\t<\/div>\n\t\t\t\t\t<\/div>\n\t\t<\/div>\n\t\t\t\t\t<\/div>\n\t\t<\/section>\n\t\t\t\t<section class=\"elementor-section elementor-top-section elementor-element elementor-element-72df2ea elementor-section-boxed elementor-section-height-default elementor-section-height-default\" data-id=\"72df2ea\" data-element_type=\"section\" data-settings=\"{&quot;background_background&quot;:&quot;classic&quot;,&quot;_ha_eqh_enable&quot;:false}\">\n\t\t\t\t\t\t<div class=\"elementor-container elementor-column-gap-default\">\n\t\t\t\t\t<div class=\"elementor-column elementor-col-100 elementor-top-column elementor-element elementor-element-054698c\" data-id=\"054698c\" data-element_type=\"column\">\n\t\t\t<div class=\"elementor-widget-wrap elementor-element-populated\">\n\t\t\t\t\t\t<div class=\"elementor-element elementor-element-fa22231 elementor-widget elementor-widget-heading\" data-id=\"fa22231\" data-element_type=\"widget\" data-widget_type=\"heading.default\">\n\t\t\t\t<div class=\"elementor-widget-container\">\n\t\t\t\t\t<h2 class=\"elementor-heading-title elementor-size-default\"><span style=\"font-weight: normal\">Demander une d\u00e9mo<\/span><\/h2>\t\t\t\t<\/div>\n\t\t\t\t<\/div>\n\t\t\t\t<div class=\"elementor-element elementor-element-98faacc elementor-widget elementor-widget-text-editor\" data-id=\"98faacc\" data-element_type=\"widget\" data-widget_type=\"text-editor.default\">\n\t\t\t\t<div class=\"elementor-widget-container\">\n\t\t\t\t\t\t\t\t\t<p>Demandez une d\u00e9monstration et nous vous montrerons o\u00f9 notre syst\u00e8me Ecmanage r\u00e9pond \u00e0 vos besoins dans l'ensemble du processus commercial de vos v\u00eatements de travail et EPI.<\/p>\t\t\t\t\t\t\t\t<\/div>\n\t\t\t\t<\/div>\n\t\t\t\t<div class=\"elementor-element elementor-element-32728aa elementor-align-center elementor-widget elementor-widget-button\" data-id=\"32728aa\" data-element_type=\"widget\" data-widget_type=\"button.default\">\n\t\t\t\t<div class=\"elementor-widget-container\">\n\t\t\t\t\t\t\t\t\t<div class=\"elementor-button-wrapper\">\n\t\t\t\t\t<a class=\"elementor-button elementor-button-link elementor-size-sm\" href=\"https:\/\/www.ecmanage.eu\/demo\/\">\n\t\t\t\t\t\t<span class=\"elementor-button-content-wrapper\">\n\t\t\t\t\t\t\t\t\t<span class=\"elementor-button-text\">Demander une d\u00e9mo<\/span>\n\t\t\t\t\t<\/span>\n\t\t\t\t\t<\/a>\n\t\t\t\t<\/div>\n\t\t\t\t\t\t\t\t<\/div>\n\t\t\t\t<\/div>\n\t\t\t\t\t<\/div>\n\t\t<\/div>\n\t\t\t\t\t<\/div>\n\t\t<\/section>\n\t\t\t\t<\/div>","protected":false},"excerpt":{"rendered":"<p>Fonctionnalit\u00e9s Notre syst\u00e8me est utilis\u00e9 par les fournisseurs de v\u00eatements de travail et d'\u00e9quipements de protection individuelle, les clients qui poss\u00e8dent leurs propres v\u00eatements de travail et les porteurs qui commandent leurs v\u00eatements de travail. Ecmanage dispose d'un grand nombre de modules standard que vous pouvez toujours utiliser lorsque vous achetez Ecmanage. Nous proposons \u00e9galement d'autres extensions pour les clients qui souhaitent concevoir leur...<\/p>","protected":false},"author":6,"featured_media":0,"parent":0,"menu_order":0,"comment_status":"closed","ping_status":"closed","template":"elementor_header_footer","meta":{"_eb_attr":"","footnotes":"","_links_to":"","_links_to_target":""},"class_list":["post-24","page","type-page","status-publish","hentry"],"yoast_head":"<!-- This site is optimized with the Yoast SEO plugin v26.7 - https:\/\/yoast.com\/wordpress\/plugins\/seo\/ -->\n<title>Functionalities - www.ecmanage.eu<\/title>\n<meta name=\"robots\" content=\"index, follow, max-snippet:-1, max-image-preview:large, max-video-preview:-1\" \/>\n<link rel=\"canonical\" href=\"https:\/\/www.ecmanage.org\/fr\/fonctionnalites\/\" \/>\n<meta property=\"og:locale\" content=\"fr_FR\" \/>\n<meta property=\"og:type\" content=\"article\" \/>\n<meta property=\"og:title\" content=\"Functionalities - www.ecmanage.eu\" \/>\n<meta property=\"og:description\" content=\"Functionalities Our system is used by suppliers of workwear and personal protective equipment, customers with their own work clothing and the wearers who order their work clothing. Ecmanage has a large number of standard modules that you can always use when purchasing Ecmanage. We also offer further expansions for customers who want to design their...\" \/>\n<meta property=\"og:url\" content=\"https:\/\/www.ecmanage.org\/fr\/fonctionnalites\/\" \/>\n<meta property=\"og:site_name\" content=\"www.ecmanage.eu\" \/>\n<meta property=\"article:modified_time\" content=\"2025-05-27T13:30:34+00:00\" \/>\n<meta name=\"twitter:card\" content=\"summary_large_image\" \/>\n<meta name=\"twitter:label1\" content=\"Dur\u00e9e de lecture estim\u00e9e\" \/>\n\t<meta name=\"twitter:data1\" content=\"1 minute\" \/>\n<script type=\"application\/ld+json\" class=\"yoast-schema-graph\">{\"@context\":\"https:\/\/schema.org\",\"@graph\":[{\"@type\":\"WebPage\",\"@id\":\"https:\/\/www.ecmanage.org\/functionalities\/\",\"url\":\"https:\/\/www.ecmanage.org\/functionalities\/\",\"name\":\"Functionalities - www.ecmanage.eu\",\"isPartOf\":{\"@id\":\"https:\/\/www.ecmanage.org\/de\/#website\"},\"datePublished\":\"2021-11-22T15:30:47+00:00\",\"dateModified\":\"2025-05-27T13:30:34+00:00\",\"breadcrumb\":{\"@id\":\"https:\/\/www.ecmanage.org\/functionalities\/#breadcrumb\"},\"inLanguage\":\"fr-FR\",\"potentialAction\":[{\"@type\":\"ReadAction\",\"target\":[\"https:\/\/www.ecmanage.org\/functionalities\/\"]}]},{\"@type\":\"BreadcrumbList\",\"@id\":\"https:\/\/www.ecmanage.org\/functionalities\/#breadcrumb\",\"itemListElement\":[{\"@type\":\"ListItem\",\"position\":1,\"name\":\"Home\",\"item\":\"https:\/\/www.ecmanage.org\/de\/\"},{\"@type\":\"ListItem\",\"position\":2,\"name\":\"Functionalities\"}]},{\"@type\":\"WebSite\",\"@id\":\"https:\/\/www.ecmanage.org\/de\/#website\",\"url\":\"https:\/\/www.ecmanage.org\/de\/\",\"name\":\"www.ecmanage.eu\",\"description\":\"Wardrobe Management System - It&#039;s Online, It&#039;s Easy\",\"publisher\":{\"@id\":\"https:\/\/www.ecmanage.org\/de\/#organization\"},\"potentialAction\":[{\"@type\":\"SearchAction\",\"target\":{\"@type\":\"EntryPoint\",\"urlTemplate\":\"https:\/\/www.ecmanage.org\/de\/?s={search_term_string}\"},\"query-input\":{\"@type\":\"PropertyValueSpecification\",\"valueRequired\":true,\"valueName\":\"search_term_string\"}}],\"inLanguage\":\"fr-FR\"},{\"@type\":\"Organization\",\"@id\":\"https:\/\/www.ecmanage.org\/de\/#organization\",\"name\":\"www.ecmanage.eu\",\"url\":\"https:\/\/www.ecmanage.org\/de\/\",\"logo\":{\"@type\":\"ImageObject\",\"inLanguage\":\"fr-FR\",\"@id\":\"https:\/\/www.ecmanage.org\/de\/#\/schema\/logo\/image\/\",\"url\":\"https:\/\/www.ecmanage.org\/wp-content\/uploads\/2021\/11\/Ecmanage_logo.png\",\"contentUrl\":\"https:\/\/www.ecmanage.org\/wp-content\/uploads\/2021\/11\/Ecmanage_logo.png\",\"width\":323,\"height\":106,\"caption\":\"www.ecmanage.eu\"},\"image\":{\"@id\":\"https:\/\/www.ecmanage.org\/de\/#\/schema\/logo\/image\/\"}}]}<\/script>\n<!-- \/ Yoast SEO plugin. -->","yoast_head_json":{"title":"Fonctionnalit\u00e9s - www.ecmanage.eu","robots":{"index":"index","follow":"follow","max-snippet":"max-snippet:-1","max-image-preview":"max-image-preview:large","max-video-preview":"max-video-preview:-1"},"canonical":"https:\/\/www.ecmanage.org\/fr\/fonctionnalites\/","og_locale":"fr_FR","og_type":"article","og_title":"Functionalities - www.ecmanage.eu","og_description":"Functionalities Our system is used by suppliers of workwear and personal protective equipment, customers with their own work clothing and the wearers who order their work clothing. Ecmanage has a large number of standard modules that you can always use when purchasing Ecmanage. We also offer further expansions for customers who want to design their...","og_url":"https:\/\/www.ecmanage.org\/fr\/fonctionnalites\/","og_site_name":"www.ecmanage.eu","article_modified_time":"2025-05-27T13:30:34+00:00","twitter_card":"summary_large_image","twitter_misc":{"Dur\u00e9e de lecture estim\u00e9e":"1 minute"},"schema":{"@context":"https:\/\/schema.org","@graph":[{"@type":"WebPage","@id":"https:\/\/www.ecmanage.org\/functionalities\/","url":"https:\/\/www.ecmanage.org\/functionalities\/","name":"Fonctionnalit\u00e9s - www.ecmanage.eu","isPartOf":{"@id":"https:\/\/www.ecmanage.org\/de\/#website"},"datePublished":"2021-11-22T15:30:47+00:00","dateModified":"2025-05-27T13:30:34+00:00","breadcrumb":{"@id":"https:\/\/www.ecmanage.org\/functionalities\/#breadcrumb"},"inLanguage":"fr-FR","potentialAction":[{"@type":"ReadAction","target":["https:\/\/www.ecmanage.org\/functionalities\/"]}]},{"@type":"BreadcrumbList","@id":"https:\/\/www.ecmanage.org\/functionalities\/#breadcrumb","itemListElement":[{"@type":"ListItem","position":1,"name":"Home","item":"https:\/\/www.ecmanage.org\/de\/"},{"@type":"ListItem","position":2,"name":"Functionalities"}]},{"@type":"WebSite","@id":"https:\/\/www.ecmanage.org\/de\/#website","url":"https:\/\/www.ecmanage.org\/de\/","name":"www.ecmanage.eu","description":"Syst\u00e8me de gestion de garde-robe - C'est en ligne, c'est facile","publisher":{"@id":"https:\/\/www.ecmanage.org\/de\/#organization"},"potentialAction":[{"@type":"SearchAction","target":{"@type":"EntryPoint","urlTemplate":"https:\/\/www.ecmanage.org\/de\/?s={search_term_string}"},"query-input":{"@type":"PropertyValueSpecification","valueRequired":true,"valueName":"search_term_string"}}],"inLanguage":"fr-FR"},{"@type":"Organization","@id":"https:\/\/www.ecmanage.org\/de\/#organization","name":"www.ecmanage.eu","url":"https:\/\/www.ecmanage.org\/de\/","logo":{"@type":"ImageObject","inLanguage":"fr-FR","@id":"https:\/\/www.ecmanage.org\/de\/#\/schema\/logo\/image\/","url":"https:\/\/www.ecmanage.org\/wp-content\/uploads\/2021\/11\/Ecmanage_logo.png","contentUrl":"https:\/\/www.ecmanage.org\/wp-content\/uploads\/2021\/11\/Ecmanage_logo.png","width":323,"height":106,"caption":"www.ecmanage.eu"},"image":{"@id":"https:\/\/www.ecmanage.org\/de\/#\/schema\/logo\/image\/"}}]}},"_links":{"self":[{"href":"https:\/\/www.ecmanage.org\/fr\/wp-json\/wp\/v2\/pages\/24","targetHints":{"allow":["GET"]}}],"collection":[{"href":"https:\/\/www.ecmanage.org\/fr\/wp-json\/wp\/v2\/pages"}],"about":[{"href":"https:\/\/www.ecmanage.org\/fr\/wp-json\/wp\/v2\/types\/page"}],"author":[{"embeddable":true,"href":"https:\/\/www.ecmanage.org\/fr\/wp-json\/wp\/v2\/users\/6"}],"replies":[{"embeddable":true,"href":"https:\/\/www.ecmanage.org\/fr\/wp-json\/wp\/v2\/comments?post=24"}],"version-history":[{"count":56,"href":"https:\/\/www.ecmanage.org\/fr\/wp-json\/wp\/v2\/pages\/24\/revisions"}],"predecessor-version":[{"id":5074,"href":"https:\/\/www.ecmanage.org\/fr\/wp-json\/wp\/v2\/pages\/24\/revisions\/5074"}],"wp:attachment":[{"href":"https:\/\/www.ecmanage.org\/fr\/wp-json\/wp\/v2\/media?parent=24"}],"curies":[{"name":"wp","href":"https:\/\/api.w.org\/{rel}","templated":true}]}}