{"id":3,"date":"2021-11-16T11:24:12","date_gmt":"2021-11-16T11:24:12","guid":{"rendered":"https:\/\/www.ecmanage.eu\/?page_id=3"},"modified":"2023-04-14T15:28:22","modified_gmt":"2023-04-14T15:28:22","slug":"datenschutzbestimmungen","status":"publish","type":"page","link":"https:\/\/www.ecmanage.org\/de\/datenschutzbestimmungen\/","title":{"rendered":"Datenschutzbestimmungen"},"content":{"rendered":"<div data-elementor-type=\"wp-page\" data-elementor-id=\"3\" class=\"elementor elementor-3\" data-elementor-settings=\"{&quot;ha_cmc_init_switcher&quot;:&quot;no&quot;}\" data-elementor-post-type=\"page\">\n\t\t\t\t\t\t<section class=\"elementor-section elementor-top-section elementor-element elementor-element-558d779f elementor-section-boxed elementor-section-height-default elementor-section-height-default\" data-id=\"558d779f\" data-element_type=\"section\" data-settings=\"{&quot;_ha_eqh_enable&quot;:false}\">\n\t\t\t\t\t\t<div class=\"elementor-container elementor-column-gap-default\">\n\t\t\t\t\t<div class=\"elementor-column elementor-col-100 elementor-top-column elementor-element elementor-element-6e6f9769\" data-id=\"6e6f9769\" data-element_type=\"column\">\n\t\t\t<div class=\"elementor-widget-wrap elementor-element-populated\">\n\t\t\t\t\t\t<div class=\"elementor-element elementor-element-129a58c2 elementor-widget elementor-widget-text-editor\" data-id=\"129a58c2\" data-element_type=\"widget\" data-widget_type=\"text-editor.default\">\n\t\t\t\t<div class=\"elementor-widget-container\">\n\t\t\t\t\t\t\t\t\t<p><\/p>\n<p>Ecmanage BV, mit Sitz in Laan van Vredenoord 33, 2289 DA RIJSWIJK, ist f\u00fcr die Verarbeitung der in dieser Datenschutzerkl\u00e4rung genannten personenbezogenen Daten verantwortlich.<\/p>\n<p><\/p>\n<h2 class=\"wp-block-heading\">Kontaktinformationen:<\/h2>\n<p><\/p>\n<p><a href=\"mailto:info@ecmanage.eu\">info@ecmanage.eu<\/a><br \/>Laan van Vredenoord 33<br \/>2289 DA Rijswijk<br \/>Niederlande<br \/>+31 (0)70 4157120<\/p>\n<p><\/p>\n<h2 class=\"wp-block-heading\">Personenbezogene Daten, die wir verarbeiten<\/h2>\n<p><\/p>\n<p>Ecmanage verarbeitet Ihre personenbezogenen Daten, weil Sie unsere Dienste in Anspruch nehmen und\/oder weil Sie uns diese selbst zur Verf\u00fcgung stellen. Im Folgenden finden Sie einen \u00dcberblick \u00fcber die personenbezogenen Daten, die wir verarbeiten: Vor- und Nachname, Firmenname, Telefonnummer und E-Mail Adresse<\/p>\n<p><\/p>\n<h2 class=\"wp-block-heading\">Besondere und\/oder sensible personenbezogene Daten, die wir verarbeiten<\/h2>\n<p><\/p>\n<p>Wir verarbeiten keine besonderen und\/oder sensiblen personenbezogenen Daten.<\/p>\n<p><\/p>\n<h2 class=\"wp-block-heading\">Zu welchem Zweck und auf welcher Grundlage verarbeiten wir personenbezogene Daten?<\/h2>\n<p><\/p>\n<p>Ecmanage verarbeitet Ihre pers\u00f6nlichen Daten f\u00fcr die folgenden Zwecke: Zusendung unseres Newsletters und\/oder unserer Werbebrosch\u00fcre\/ Um Sie anrufen oder Ihnen eine E-Mail schicken zu k\u00f6nnen, wenn dies f\u00fcr die Erbringung unserer Dienstleistungen erforderlich ist; Um Sie \u00fcber \u00c4nderungen unserer Dienstleistungen und Produkte zu informieren.<\/p>\n<p><\/p>\n<h2 class=\"wp-block-heading\">Automatisierte Entscheidungsfindung<\/h2>\n<p><\/p>\n<p>Ecmanage trifft keine Entscheidungen auf der Grundlage einer automatisierten Verarbeitung, die Menschen (erheblich) beeintr\u00e4chtigen k\u00f6nnten. Dies sind Entscheidungen, die von Computerprogrammen oder -systemen getroffen werden, ohne dass eine Person (z. B. ein Mitarbeiter von Ecmanage) beteiligt ist.<\/p>\n<p><\/p>\n<h2 class=\"wp-block-heading\">Wie lange wir personenbezogene Daten aufbewahren<\/h2>\n<p><\/p>\n<p>Ecmanage bewahrt Ihre pers\u00f6nlichen Daten nicht l\u00e4nger auf, als es unbedingt notwendig ist, um die Ziele zu erreichen, f\u00fcr die Ihre Daten gesammelt wurden.<\/p>\n<p><\/p>\n<h2 class=\"wp-block-heading\">Weitergabe personenbezogener Daten an Dritte<\/h2>\n<p><\/p>\n<p>Ecmanage gibt die Daten nur dann an Dritte weiter, wenn dies f\u00fcr die Durchf\u00fchrung unserer Vereinbarung mit Ihnen oder zur Erf\u00fcllung einer gesetzlichen Verpflichtung erforderlich ist.<\/p>\n<p><\/p>\n<h2 class=\"wp-block-heading\">Cookies oder \u00e4hnliche Techniken, die wir verwenden<\/h2>\n<p><\/p>\n<p>Ecmanage verwendet auf dieser Website Sitzungscookies und Sitzungsspeicher. Sitzungscookies sind funktionale Cookies, die dazu dienen, dass die Website ordnungsgem\u00e4\u00df funktioniert. Da es sich bei den von uns verwendeten Session-Cookies um funktionale Cookies handelt, ist es nicht notwendig, den Internetnutzer vorher um Erlaubnis zu fragen. Diese Cookies enthalten jedes Mal, wenn Sie die Website besuchen, eine andere, vor\u00fcbergehende Nummer. Die Sitzungscookies werden nach dem Schlie\u00dfen Ihres Browsers gel\u00f6scht.<\/p>\n<p><\/p>\n<p>Diese Website verwendet insbesondere auch Tracking-Cookies, um Informationen \u00fcber Seitenbesuche zu sammeln. Hierzu haben Sie bereits einen Dialog erhalten, in dem Sie Ihre Einstellungen vornehmen k\u00f6nnen. Sie k\u00f6nnen auch klicken\u00a0<a href=\"https:\/\/www.ecmanage.nl\/en-gb\/privacystatement.aspx#\">hier<\/a>um diese Einstellungen anzuzeigen oder zu \u00e4ndern.<\/p>\n<p><span lang=\"EN-US\" style=\"font-size: 11pt;\">Um die gesch\u00e4ftliche Nutzung unserer Website zu messen, nutzen wir den Dienst von Leadinfo, Rotterdam, Niederlande. Dieser Dienst zeigt uns Firmennamen und Adressen auf der Grundlage der IP-Adressen unserer Besucher. <\/span><span style=\"font-size: 11pt;\">Die IP-Adresse wird dabei nicht ber\u00fccksichtigt.<\/span><\/p>\n<p><\/p>\n<h2 class=\"wp-block-heading\">Anzeigen, Anpassen oder L\u00f6schen von Daten<\/h2>\n<p><\/p>\n<p>Auf Anfrage informieren wir die Besucher unserer Website \u00fcber die personenbezogenen Daten, die \u00fcber sie verarbeitet werden. Unrichtige Daten k\u00f6nnen berichtigt, erg\u00e4nzt oder gel\u00f6scht werden. Wenn Sie diese Informationen einsehen oder Ihre personenbezogenen Daten korrigieren m\u00f6chten, wenden Sie sich bitte an die oben genannte Adresse.<\/p>\n<p><\/p>\n<h2 class=\"wp-block-heading\">Wie wir personenbezogene Daten sch\u00fctzen<\/h2>\n<p><\/p>\n<p>Ecmanage nimmt den Schutz Ihrer Daten ernst und ergreift geeignete Ma\u00dfnahmen, um Missbrauch, Verlust, unbefugten Zugriff, unerw\u00fcnschte Offenlegung und unbefugte \u00c4nderungen zu verhindern. Wenn Sie den Eindruck haben, dass Ihre Daten nicht ordnungsgem\u00e4\u00df gesichert sind oder es Anzeichen f\u00fcr einen Missbrauch gibt, kontaktieren Sie uns bitte unter\u00a0<a href=\"mailto:info@ecmanage.eu\">info@ecmanage.eu<\/a>.<\/p>\n<p><\/p>\t\t\t\t\t\t\t\t<\/div>\n\t\t\t\t<\/div>\n\t\t\t\t\t<\/div>\n\t\t<\/div>\n\t\t\t\t\t<\/div>\n\t\t<\/section>\n\t\t\t\t<\/div>","protected":false},"excerpt":{"rendered":"<p>Ecmanage BV, mit Sitz in Laan van Vredenoord 33, 2289 DA RIJSWIJK, ist verantwortlich f\u00fcr die Verarbeitung personenbezogener Daten, wie in dieser Datenschutzerkl\u00e4rung beschrieben. Kontaktdaten: info@ecmanage.euLaan van Vredenoord 332289 DA RijswijkDie Niederlande+31 (0)70 4157120 Personenbezogene Daten, die wir verarbeiten Ecmanage verarbeitet Ihre personenbezogenen Daten, weil Sie unsere Dienste in Anspruch nehmen und\/oder weil...<\/p>","protected":false},"author":1,"featured_media":0,"parent":0,"menu_order":0,"comment_status":"closed","ping_status":"closed","template":"","meta":{"_eb_attr":"","footnotes":"","_links_to":"","_links_to_target":""},"class_list":["post-3","page","type-page","status-publish","hentry"],"yoast_head":"<!-- This site is optimized with the Yoast SEO plugin v26.7 - https:\/\/yoast.com\/wordpress\/plugins\/seo\/ -->\n<title>Privacy Policy - www.ecmanage.eu<\/title>\n<meta name=\"robots\" content=\"index, follow, max-snippet:-1, max-image-preview:large, max-video-preview:-1\" \/>\n<link rel=\"canonical\" href=\"https:\/\/www.ecmanage.org\/de\/datenschutzbestimmungen\/\" \/>\n<meta property=\"og:locale\" content=\"de_DE\" \/>\n<meta property=\"og:type\" content=\"article\" \/>\n<meta property=\"og:title\" content=\"Privacy Policy - www.ecmanage.eu\" \/>\n<meta property=\"og:description\" content=\"Ecmanage BV, located at Laan van Vredenoord 33, 2289 DA RIJSWIJK, is responsible for the processing of personal data as shown in this privacy statement. Contact details: info@ecmanage.euLaan van Vredenoord 332289 DA RijswijkThe Netherlands+31 (0)70 4157120 Personal data that we process Ecmanage processes your personal data because you make use of our services and\/or because...\" \/>\n<meta property=\"og:url\" content=\"https:\/\/www.ecmanage.org\/de\/datenschutzbestimmungen\/\" \/>\n<meta property=\"og:site_name\" content=\"www.ecmanage.eu\" \/>\n<meta property=\"article:modified_time\" content=\"2023-04-14T15:28:22+00:00\" \/>\n<meta name=\"twitter:card\" content=\"summary_large_image\" \/>\n<meta name=\"twitter:label1\" content=\"Gesch\u00e4tzte Lesezeit\" \/>\n\t<meta name=\"twitter:data1\" content=\"3\u00a0Minuten\" \/>\n<script type=\"application\/ld+json\" class=\"yoast-schema-graph\">{\"@context\":\"https:\/\/schema.org\",\"@graph\":[{\"@type\":\"WebPage\",\"@id\":\"https:\/\/www.ecmanage.org\/privacy-policy\/\",\"url\":\"https:\/\/www.ecmanage.org\/privacy-policy\/\",\"name\":\"Privacy Policy - www.ecmanage.eu\",\"isPartOf\":{\"@id\":\"https:\/\/www.ecmanage.org\/de\/#website\"},\"datePublished\":\"2021-11-16T11:24:12+00:00\",\"dateModified\":\"2023-04-14T15:28:22+00:00\",\"breadcrumb\":{\"@id\":\"https:\/\/www.ecmanage.org\/privacy-policy\/#breadcrumb\"},\"inLanguage\":\"de\",\"potentialAction\":[{\"@type\":\"ReadAction\",\"target\":[\"https:\/\/www.ecmanage.org\/privacy-policy\/\"]}]},{\"@type\":\"BreadcrumbList\",\"@id\":\"https:\/\/www.ecmanage.org\/privacy-policy\/#breadcrumb\",\"itemListElement\":[{\"@type\":\"ListItem\",\"position\":1,\"name\":\"Home\",\"item\":\"https:\/\/www.ecmanage.org\/de\/\"},{\"@type\":\"ListItem\",\"position\":2,\"name\":\"Privacy Policy\"}]},{\"@type\":\"WebSite\",\"@id\":\"https:\/\/www.ecmanage.org\/de\/#website\",\"url\":\"https:\/\/www.ecmanage.org\/de\/\",\"name\":\"www.ecmanage.eu\",\"description\":\"Wardrobe Management System - It&#039;s Online, It&#039;s Easy\",\"publisher\":{\"@id\":\"https:\/\/www.ecmanage.org\/de\/#organization\"},\"potentialAction\":[{\"@type\":\"SearchAction\",\"target\":{\"@type\":\"EntryPoint\",\"urlTemplate\":\"https:\/\/www.ecmanage.org\/de\/?s={search_term_string}\"},\"query-input\":{\"@type\":\"PropertyValueSpecification\",\"valueRequired\":true,\"valueName\":\"search_term_string\"}}],\"inLanguage\":\"de\"},{\"@type\":\"Organization\",\"@id\":\"https:\/\/www.ecmanage.org\/de\/#organization\",\"name\":\"www.ecmanage.eu\",\"url\":\"https:\/\/www.ecmanage.org\/de\/\",\"logo\":{\"@type\":\"ImageObject\",\"inLanguage\":\"de\",\"@id\":\"https:\/\/www.ecmanage.org\/de\/#\/schema\/logo\/image\/\",\"url\":\"https:\/\/www.ecmanage.org\/wp-content\/uploads\/2021\/11\/Ecmanage_logo.png\",\"contentUrl\":\"https:\/\/www.ecmanage.org\/wp-content\/uploads\/2021\/11\/Ecmanage_logo.png\",\"width\":323,\"height\":106,\"caption\":\"www.ecmanage.eu\"},\"image\":{\"@id\":\"https:\/\/www.ecmanage.org\/de\/#\/schema\/logo\/image\/\"}}]}<\/script>\n<!-- \/ Yoast SEO plugin. -->","yoast_head_json":{"title":"Datenschutzbestimmungen - www.ecmanage.eu","robots":{"index":"index","follow":"follow","max-snippet":"max-snippet:-1","max-image-preview":"max-image-preview:large","max-video-preview":"max-video-preview:-1"},"canonical":"https:\/\/www.ecmanage.org\/de\/datenschutzbestimmungen\/","og_locale":"de_DE","og_type":"article","og_title":"Privacy Policy - www.ecmanage.eu","og_description":"Ecmanage BV, located at Laan van Vredenoord 33, 2289 DA RIJSWIJK, is responsible for the processing of personal data as shown in this privacy statement. Contact details: info@ecmanage.euLaan van Vredenoord 332289 DA RijswijkThe Netherlands+31 (0)70 4157120 Personal data that we process Ecmanage processes your personal data because you make use of our services and\/or because...","og_url":"https:\/\/www.ecmanage.org\/de\/datenschutzbestimmungen\/","og_site_name":"www.ecmanage.eu","article_modified_time":"2023-04-14T15:28:22+00:00","twitter_card":"summary_large_image","twitter_misc":{"Gesch\u00e4tzte Lesezeit":"3\u00a0Minuten"},"schema":{"@context":"https:\/\/schema.org","@graph":[{"@type":"WebPage","@id":"https:\/\/www.ecmanage.org\/privacy-policy\/","url":"https:\/\/www.ecmanage.org\/privacy-policy\/","name":"Datenschutzbestimmungen - www.ecmanage.eu","isPartOf":{"@id":"https:\/\/www.ecmanage.org\/de\/#website"},"datePublished":"2021-11-16T11:24:12+00:00","dateModified":"2023-04-14T15:28:22+00:00","breadcrumb":{"@id":"https:\/\/www.ecmanage.org\/privacy-policy\/#breadcrumb"},"inLanguage":"de","potentialAction":[{"@type":"ReadAction","target":["https:\/\/www.ecmanage.org\/privacy-policy\/"]}]},{"@type":"BreadcrumbList","@id":"https:\/\/www.ecmanage.org\/privacy-policy\/#breadcrumb","itemListElement":[{"@type":"ListItem","position":1,"name":"Home","item":"https:\/\/www.ecmanage.org\/de\/"},{"@type":"ListItem","position":2,"name":"Privacy Policy"}]},{"@type":"WebSite","@id":"https:\/\/www.ecmanage.org\/de\/#website","url":"https:\/\/www.ecmanage.org\/de\/","name":"www.ecmanage.eu","description":"Kleiderschrank-Management-System - Es&#039;s online, es&#039;s einfach","publisher":{"@id":"https:\/\/www.ecmanage.org\/de\/#organization"},"potentialAction":[{"@type":"SearchAction","target":{"@type":"EntryPoint","urlTemplate":"https:\/\/www.ecmanage.org\/de\/?s={search_term_string}"},"query-input":{"@type":"PropertyValueSpecification","valueRequired":true,"valueName":"search_term_string"}}],"inLanguage":"de"},{"@type":"Organization","@id":"https:\/\/www.ecmanage.org\/de\/#organization","name":"www.ecmanage.eu","url":"https:\/\/www.ecmanage.org\/de\/","logo":{"@type":"ImageObject","inLanguage":"de","@id":"https:\/\/www.ecmanage.org\/de\/#\/schema\/logo\/image\/","url":"https:\/\/www.ecmanage.org\/wp-content\/uploads\/2021\/11\/Ecmanage_logo.png","contentUrl":"https:\/\/www.ecmanage.org\/wp-content\/uploads\/2021\/11\/Ecmanage_logo.png","width":323,"height":106,"caption":"www.ecmanage.eu"},"image":{"@id":"https:\/\/www.ecmanage.org\/de\/#\/schema\/logo\/image\/"}}]}},"_links":{"self":[{"href":"https:\/\/www.ecmanage.org\/de\/wp-json\/wp\/v2\/pages\/3","targetHints":{"allow":["GET"]}}],"collection":[{"href":"https:\/\/www.ecmanage.org\/de\/wp-json\/wp\/v2\/pages"}],"about":[{"href":"https:\/\/www.ecmanage.org\/de\/wp-json\/wp\/v2\/types\/page"}],"author":[{"embeddable":true,"href":"https:\/\/www.ecmanage.org\/de\/wp-json\/wp\/v2\/users\/1"}],"replies":[{"embeddable":true,"href":"https:\/\/www.ecmanage.org\/de\/wp-json\/wp\/v2\/comments?post=3"}],"version-history":[{"count":12,"href":"https:\/\/www.ecmanage.org\/de\/wp-json\/wp\/v2\/pages\/3\/revisions"}],"predecessor-version":[{"id":3176,"href":"https:\/\/www.ecmanage.org\/de\/wp-json\/wp\/v2\/pages\/3\/revisions\/3176"}],"wp:attachment":[{"href":"https:\/\/www.ecmanage.org\/de\/wp-json\/wp\/v2\/media?parent=3"}],"curies":[{"name":"wp","href":"https:\/\/api.w.org\/{rel}","templated":true}]}}