{"id":24,"date":"2021-11-22T15:30:47","date_gmt":"2021-11-22T15:30:47","guid":{"rendered":"https:\/\/www.ecmanage.eu\/?page_id=24"},"modified":"2025-05-27T15:30:34","modified_gmt":"2025-05-27T13:30:34","slug":"funktionalitaten","status":"publish","type":"page","link":"https:\/\/www.ecmanage.org\/de\/funktionalitaten\/","title":{"rendered":"Funktionalit\u00e4ten"},"content":{"rendered":"<div data-elementor-type=\"wp-page\" data-elementor-id=\"24\" class=\"elementor elementor-24\" data-elementor-settings=\"{&quot;ha_cmc_init_switcher&quot;:&quot;no&quot;}\" data-elementor-post-type=\"page\">\n\t\t\t\t\t\t<section class=\"elementor-section elementor-top-section elementor-element elementor-element-9d0d997 elementor-section-height-min-height elementor-section-boxed elementor-section-height-default elementor-section-items-middle\" data-id=\"9d0d997\" data-element_type=\"section\" data-settings=\"{&quot;background_background&quot;:&quot;classic&quot;,&quot;_ha_eqh_enable&quot;:false}\">\n\t\t\t\t\t\t\t<div class=\"elementor-background-overlay\"><\/div>\n\t\t\t\t\t\t\t<div class=\"elementor-container elementor-column-gap-default\">\n\t\t\t\t\t<div class=\"elementor-column elementor-col-100 elementor-top-column elementor-element elementor-element-288e225\" data-id=\"288e225\" data-element_type=\"column\">\n\t\t\t<div class=\"elementor-widget-wrap elementor-element-populated\">\n\t\t\t\t\t\t<div class=\"elementor-element elementor-element-2449960 elementor-widget elementor-widget-heading\" data-id=\"2449960\" data-element_type=\"widget\" data-widget_type=\"heading.default\">\n\t\t\t\t<div class=\"elementor-widget-container\">\n\t\t\t\t\t<h2 class=\"elementor-heading-title elementor-size-default\"><span style=\"font-weight: normal\">Funktionalit\u00e4ten<\/span><\/h2>\t\t\t\t<\/div>\n\t\t\t\t<\/div>\n\t\t\t\t\t<\/div>\n\t\t<\/div>\n\t\t\t\t\t<\/div>\n\t\t<\/section>\n\t\t\t\t<section class=\"elementor-section elementor-top-section elementor-element elementor-element-0d63a71 elementor-section-boxed elementor-section-height-default elementor-section-height-default\" data-id=\"0d63a71\" data-element_type=\"section\" data-settings=\"{&quot;_ha_eqh_enable&quot;:false}\">\n\t\t\t\t\t\t<div class=\"elementor-container elementor-column-gap-default\">\n\t\t\t\t\t<div class=\"elementor-column elementor-col-100 elementor-top-column elementor-element elementor-element-3fcc592\" data-id=\"3fcc592\" data-element_type=\"column\">\n\t\t\t<div class=\"elementor-widget-wrap elementor-element-populated\">\n\t\t\t\t\t\t<div class=\"elementor-element elementor-element-0be8ee7 elementor-widget elementor-widget-text-editor\" data-id=\"0be8ee7\" data-element_type=\"widget\" data-widget_type=\"text-editor.default\">\n\t\t\t\t<div class=\"elementor-widget-container\">\n\t\t\t\t\t\t\t\t\t<p>Zu den Nutzern unseres Systems geh\u00f6ren Lieferanten von Kleidung und pers\u00f6nlicher Schutzausr\u00fcstung, Kunden mit eigener Berufsbekleidung und Angestellte, die ihre Berufsbekleidung bestellen. Ecmanage verf\u00fcgt \u00fcber eine Vielzahl von Standardmodulen, die Sie nach dem Kauf von Ecmanage immer verwenden k\u00f6nnen. Au\u00dferdem bieten wir Kunden, die ihre Kundenumgebung noch spezifischer einrichten m\u00f6chten, zus\u00e4tzliche Erweiterungen an.<\/p>\t\t\t\t\t\t\t\t<\/div>\n\t\t\t\t<\/div>\n\t\t\t\t\t<\/div>\n\t\t<\/div>\n\t\t\t\t\t<\/div>\n\t\t<\/section>\n\t\t\t\t<section class=\"elementor-section elementor-top-section elementor-element elementor-element-d39275c elementor-section-boxed elementor-section-height-default elementor-section-height-default\" data-id=\"d39275c\" data-element_type=\"section\" data-settings=\"{&quot;_ha_eqh_enable&quot;:false}\">\n\t\t\t\t\t\t<div class=\"elementor-container elementor-column-gap-default\">\n\t\t\t\t\t<div class=\"elementor-column elementor-col-50 elementor-top-column elementor-element elementor-element-19b3c58\" data-id=\"19b3c58\" data-element_type=\"column\">\n\t\t\t<div class=\"elementor-widget-wrap elementor-element-populated\">\n\t\t\t\t\t\t<div class=\"elementor-element elementor-element-870bff6 elementor-widget elementor-widget-heading\" data-id=\"870bff6\" data-element_type=\"widget\" data-widget_type=\"heading.default\">\n\t\t\t\t<div class=\"elementor-widget-container\">\n\t\t\t\t\t<h2 class=\"elementor-heading-title elementor-size-default\"><span style=\"font-weight: normal\">Standardmodules<\/span><\/h2>\t\t\t\t<\/div>\n\t\t\t\t<\/div>\n\t\t\t\t<div class=\"elementor-element elementor-element-b8cff5c elementor-widget elementor-widget-text-editor\" data-id=\"b8cff5c\" data-element_type=\"widget\" data-widget_type=\"text-editor.default\">\n\t\t\t\t<div class=\"elementor-widget-container\">\n\t\t\t\t\t\t\t\t\t<p>Ecmanage ist eine Plattform mit umfangreichen M\u00f6glichkeiten. Die Standardversion von Ecmanage bietet:<\/p><ul><li>Bestellen mit personengebundenem Budget<\/li><li>Bekleidungspakete<\/li><li>Eigene Abteilungshierarchie f\u00fcr die Kunden<\/li><li>Validierung w\u00e4hrend des Bestellvorgangs<\/li><li>Arbeiten mit verschiedenen Gr\u00f6\u00dfen<\/li><li>Retouren und R\u00fccksendungen registrieren<\/li><li>Personalisierte Produkte<\/li><li>Benutzervertrag<\/li><li>H\u00e4ndlermodul<\/li><li>Berichte<\/li><li>Zahlung \u00fcber verschiedene Zahlungsmethoden<\/li><li>Portal Pr\u00fcfliste<\/li><li>Ihr Kunde erh\u00e4lt ein eigenes Layout<\/li><li>Selbstregistrierungsmodul<\/li><li>Anlagenmanagement<\/li><li>Reklamationsmodule<\/li><\/ul>\t\t\t\t\t\t\t\t<\/div>\n\t\t\t\t<\/div>\n\t\t\t\t<div class=\"elementor-element elementor-element-c86ba95 elementor-align-left elementor-widget__width-inherit elementor-widget elementor-widget-button\" data-id=\"c86ba95\" data-element_type=\"widget\" data-widget_type=\"button.default\">\n\t\t\t\t<div class=\"elementor-widget-container\">\n\t\t\t\t\t\t\t\t\t<div class=\"elementor-button-wrapper\">\n\t\t\t\t\t<a class=\"elementor-button elementor-button-link elementor-size-sm\" href=\"https:\/\/www.ecmanage.org\/de\/standardmodules\/\">\n\t\t\t\t\t\t<span class=\"elementor-button-content-wrapper\">\n\t\t\t\t\t\t\t\t\t<span class=\"elementor-button-text\">Mehr Infos<\/span>\n\t\t\t\t\t<\/span>\n\t\t\t\t\t<\/a>\n\t\t\t\t<\/div>\n\t\t\t\t\t\t\t\t<\/div>\n\t\t\t\t<\/div>\n\t\t\t\t\t<\/div>\n\t\t<\/div>\n\t\t\t\t<div class=\"elementor-column elementor-col-50 elementor-top-column elementor-element elementor-element-2c5151c\" data-id=\"2c5151c\" data-element_type=\"column\">\n\t\t\t<div class=\"elementor-widget-wrap elementor-element-populated\">\n\t\t\t\t\t\t<div class=\"elementor-element elementor-element-5e67146 elementor-widget elementor-widget-heading\" data-id=\"5e67146\" data-element_type=\"widget\" data-widget_type=\"heading.default\">\n\t\t\t\t<div class=\"elementor-widget-container\">\n\t\t\t\t\t<h2 class=\"elementor-heading-title elementor-size-default\"><span style=\"font-weight: normal\">Zus\u00e4tzliche Module<\/span><\/h2>\t\t\t\t<\/div>\n\t\t\t\t<\/div>\n\t\t\t\t<div class=\"elementor-element elementor-element-21af74d elementor-widget elementor-widget-text-editor\" data-id=\"21af74d\" data-element_type=\"widget\" data-widget_type=\"text-editor.default\">\n\t\t\t\t<div class=\"elementor-widget-container\">\n\t\t\t\t\t\t\t\t\t<p>Neben den Standardmodulen k\u00f6nnen weitere Module gekauft werden:<\/p>\n<ul>\n<li><span style=\"background-color: transparent;\">Projektmodul<\/span><\/li>\n<li>Bestandsmodul<\/li>\n<li>Adressvalidierung<\/li>\n<li>Verbindungen mit ERP-Systemen<\/li>\n<li>OCI-Integration<\/li>\n<li>Single Sign-On<\/li>\n<li>Modul \u00d6ffnungszeiten<\/li>\n<li>Schulmodul<\/li>\n<\/ul>\t\t\t\t\t\t\t\t<\/div>\n\t\t\t\t<\/div>\n\t\t\t\t<div class=\"elementor-element elementor-element-d7c1203 elementor-align-left elementor-widget__width-inherit elementor-widget elementor-widget-button\" data-id=\"d7c1203\" data-element_type=\"widget\" data-widget_type=\"button.default\">\n\t\t\t\t<div class=\"elementor-widget-container\">\n\t\t\t\t\t\t\t\t\t<div class=\"elementor-button-wrapper\">\n\t\t\t\t\t<a class=\"elementor-button elementor-button-link elementor-size-sm\" href=\"https:\/\/www.ecmanage.org\/de\/zusatzliche-module\/\">\n\t\t\t\t\t\t<span class=\"elementor-button-content-wrapper\">\n\t\t\t\t\t\t\t\t\t<span class=\"elementor-button-text\">Mehr Infos<\/span>\n\t\t\t\t\t<\/span>\n\t\t\t\t\t<\/a>\n\t\t\t\t<\/div>\n\t\t\t\t\t\t\t\t<\/div>\n\t\t\t\t<\/div>\n\t\t\t\t\t<\/div>\n\t\t<\/div>\n\t\t\t\t\t<\/div>\n\t\t<\/section>\n\t\t\t\t<section class=\"elementor-section elementor-top-section elementor-element elementor-element-9bc3521 elementor-section-boxed elementor-section-height-default elementor-section-height-default\" data-id=\"9bc3521\" data-element_type=\"section\" data-settings=\"{&quot;_ha_eqh_enable&quot;:false}\">\n\t\t\t\t\t\t<div class=\"elementor-container elementor-column-gap-default\">\n\t\t\t\t\t<div class=\"elementor-column elementor-col-50 elementor-top-column elementor-element elementor-element-f9b1787\" data-id=\"f9b1787\" data-element_type=\"column\">\n\t\t\t<div class=\"elementor-widget-wrap elementor-element-populated\">\n\t\t\t\t\t\t<div class=\"elementor-element elementor-element-9bd027f elementor-widget elementor-widget-heading\" data-id=\"9bd027f\" data-element_type=\"widget\" data-widget_type=\"heading.default\">\n\t\t\t\t<div class=\"elementor-widget-container\">\n\t\t\t\t\t<h2 class=\"elementor-heading-title elementor-size-default\"><span style=\"font-weight: normal\">Integrationen<\/span><\/h2>\t\t\t\t<\/div>\n\t\t\t\t<\/div>\n\t\t\t\t<div class=\"elementor-element elementor-element-b37a29a elementor-widget elementor-widget-text-editor\" data-id=\"b37a29a\" data-element_type=\"widget\" data-widget_type=\"text-editor.default\">\n\t\t\t\t<div class=\"elementor-widget-container\">\n\t\t\t\t\t\t\t\t\tEcmanage h\u00e4lt Standardschnittstellen f\u00fcr g\u00e4ngige ERP-Systeme bereit. Im Falle einer Anpassung wird die Standardschnittstelle verwendet.\t\t\t\t\t\t\t\t<\/div>\n\t\t\t\t<\/div>\n\t\t\t\t<div class=\"elementor-element elementor-element-62b22e9 elementor-align-left elementor-widget__width-inherit elementor-widget elementor-widget-button\" data-id=\"62b22e9\" data-element_type=\"widget\" data-widget_type=\"button.default\">\n\t\t\t\t<div class=\"elementor-widget-container\">\n\t\t\t\t\t\t\t\t\t<div class=\"elementor-button-wrapper\">\n\t\t\t\t\t<a class=\"elementor-button elementor-button-link elementor-size-sm\" href=\"https:\/\/www.ecmanage.eu\/integrations\/\">\n\t\t\t\t\t\t<span class=\"elementor-button-content-wrapper\">\n\t\t\t\t\t\t\t\t\t<span class=\"elementor-button-text\">Mehr Infos<\/span>\n\t\t\t\t\t<\/span>\n\t\t\t\t\t<\/a>\n\t\t\t\t<\/div>\n\t\t\t\t\t\t\t\t<\/div>\n\t\t\t\t<\/div>\n\t\t\t\t\t<\/div>\n\t\t<\/div>\n\t\t\t\t<div class=\"elementor-column elementor-col-50 elementor-top-column elementor-element elementor-element-4c5c2b3\" data-id=\"4c5c2b3\" data-element_type=\"column\">\n\t\t\t<div class=\"elementor-widget-wrap elementor-element-populated\">\n\t\t\t\t\t\t<div class=\"elementor-element elementor-element-be9c152 elementor-widget elementor-widget-heading\" data-id=\"be9c152\" data-element_type=\"widget\" data-widget_type=\"heading.default\">\n\t\t\t\t<div class=\"elementor-widget-container\">\n\t\t\t\t\t<h2 class=\"elementor-heading-title elementor-size-default\"><span style=\"font-weight: normal\">Die native Anwendung von Ecmanage<\/span><\/h2>\t\t\t\t<\/div>\n\t\t\t\t<\/div>\n\t\t\t\t<div class=\"elementor-element elementor-element-0ec4d3f elementor-widget elementor-widget-text-editor\" data-id=\"0ec4d3f\" data-element_type=\"widget\" data-widget_type=\"text-editor.default\">\n\t\t\t\t<div class=\"elementor-widget-container\">\n\t\t\t\t\t\t\t\t\t<p>Mit der neuen Native-App von Ecmanage ist es m\u00f6glich, Kleidung schnell und einfach \u00fcberall zu bestellen.<\/p>\t\t\t\t\t\t\t\t<\/div>\n\t\t\t\t<\/div>\n\t\t\t\t<div class=\"elementor-element elementor-element-b5ed6a0 elementor-align-left elementor-widget__width-inherit elementor-widget elementor-widget-button\" data-id=\"b5ed6a0\" data-element_type=\"widget\" data-widget_type=\"button.default\">\n\t\t\t\t<div class=\"elementor-widget-container\">\n\t\t\t\t\t\t\t\t\t<div class=\"elementor-button-wrapper\">\n\t\t\t\t\t<a class=\"elementor-button elementor-button-link elementor-size-sm\" href=\"https:\/\/www.ecmanage.org\/de\/native-anwendung\/\">\n\t\t\t\t\t\t<span class=\"elementor-button-content-wrapper\">\n\t\t\t\t\t\t\t\t\t<span class=\"elementor-button-text\">Mehr Infos<\/span>\n\t\t\t\t\t<\/span>\n\t\t\t\t\t<\/a>\n\t\t\t\t<\/div>\n\t\t\t\t\t\t\t\t<\/div>\n\t\t\t\t<\/div>\n\t\t\t\t\t<\/div>\n\t\t<\/div>\n\t\t\t\t\t<\/div>\n\t\t<\/section>\n\t\t\t\t<section class=\"elementor-section elementor-top-section elementor-element elementor-element-72df2ea elementor-section-boxed elementor-section-height-default elementor-section-height-default\" data-id=\"72df2ea\" data-element_type=\"section\" data-settings=\"{&quot;background_background&quot;:&quot;classic&quot;,&quot;_ha_eqh_enable&quot;:false}\">\n\t\t\t\t\t\t<div class=\"elementor-container elementor-column-gap-default\">\n\t\t\t\t\t<div class=\"elementor-column elementor-col-100 elementor-top-column elementor-element elementor-element-054698c\" data-id=\"054698c\" data-element_type=\"column\">\n\t\t\t<div class=\"elementor-widget-wrap elementor-element-populated\">\n\t\t\t\t\t\t<div class=\"elementor-element elementor-element-fa22231 elementor-widget elementor-widget-heading\" data-id=\"fa22231\" data-element_type=\"widget\" data-widget_type=\"heading.default\">\n\t\t\t\t<div class=\"elementor-widget-container\">\n\t\t\t\t\t<h2 class=\"elementor-heading-title elementor-size-default\"><span style=\"font-weight: normal\">Demo anfordern<\/span><\/h2>\t\t\t\t<\/div>\n\t\t\t\t<\/div>\n\t\t\t\t<div class=\"elementor-element elementor-element-98faacc elementor-widget elementor-widget-text-editor\" data-id=\"98faacc\" data-element_type=\"widget\" data-widget_type=\"text-editor.default\">\n\t\t\t\t<div class=\"elementor-widget-container\">\n\t\t\t\t\t\t\t\t\t<p>Fordern Sie eine Demo an und wir zeigen Ihnen, wo unser Ecmanage-System Ihre Anforderungen im gesamten Gesch\u00e4ftsprozess Ihrer Arbeitskleidung und PSA erf\u00fcllt.<\/p>\t\t\t\t\t\t\t\t<\/div>\n\t\t\t\t<\/div>\n\t\t\t\t<div class=\"elementor-element elementor-element-32728aa elementor-align-center elementor-widget elementor-widget-button\" data-id=\"32728aa\" data-element_type=\"widget\" data-widget_type=\"button.default\">\n\t\t\t\t<div class=\"elementor-widget-container\">\n\t\t\t\t\t\t\t\t\t<div class=\"elementor-button-wrapper\">\n\t\t\t\t\t<a class=\"elementor-button elementor-button-link elementor-size-sm\" href=\"https:\/\/www.ecmanage.eu\/demo\/\">\n\t\t\t\t\t\t<span class=\"elementor-button-content-wrapper\">\n\t\t\t\t\t\t\t\t\t<span class=\"elementor-button-text\">Demo anfordern<\/span>\n\t\t\t\t\t<\/span>\n\t\t\t\t\t<\/a>\n\t\t\t\t<\/div>\n\t\t\t\t\t\t\t\t<\/div>\n\t\t\t\t<\/div>\n\t\t\t\t\t<\/div>\n\t\t<\/div>\n\t\t\t\t\t<\/div>\n\t\t<\/section>\n\t\t\t\t<\/div>","protected":false},"excerpt":{"rendered":"<p>Funktionalit\u00e4ten Unser System wird von Lieferanten von Arbeitskleidung und pers\u00f6nlicher Schutzausr\u00fcstung, Kunden mit eigener Arbeitskleidung und den Tr\u00e4gern, die ihre Arbeitskleidung bestellen, genutzt. Ecmanage verf\u00fcgt \u00fcber eine gro\u00dfe Anzahl von Standardmodulen, die Sie beim Kauf von Ecmanage immer verwenden k\u00f6nnen. Dar\u00fcber hinaus bieten wir weitere Erweiterungen f\u00fcr Kunden, die ihre...<\/p>","protected":false},"author":6,"featured_media":0,"parent":0,"menu_order":0,"comment_status":"closed","ping_status":"closed","template":"elementor_header_footer","meta":{"_eb_attr":"","footnotes":"","_links_to":"","_links_to_target":""},"class_list":["post-24","page","type-page","status-publish","hentry"],"yoast_head":"<!-- This site is optimized with the Yoast SEO plugin v26.7 - https:\/\/yoast.com\/wordpress\/plugins\/seo\/ -->\n<title>Functionalities - www.ecmanage.eu<\/title>\n<meta name=\"robots\" content=\"index, follow, max-snippet:-1, max-image-preview:large, max-video-preview:-1\" \/>\n<link rel=\"canonical\" href=\"https:\/\/www.ecmanage.org\/de\/funktionalitaten\/\" \/>\n<meta property=\"og:locale\" content=\"de_DE\" \/>\n<meta property=\"og:type\" content=\"article\" \/>\n<meta property=\"og:title\" content=\"Functionalities - www.ecmanage.eu\" \/>\n<meta property=\"og:description\" content=\"Functionalities Our system is used by suppliers of workwear and personal protective equipment, customers with their own work clothing and the wearers who order their work clothing. Ecmanage has a large number of standard modules that you can always use when purchasing Ecmanage. We also offer further expansions for customers who want to design their...\" \/>\n<meta property=\"og:url\" content=\"https:\/\/www.ecmanage.org\/de\/funktionalitaten\/\" \/>\n<meta property=\"og:site_name\" content=\"www.ecmanage.eu\" \/>\n<meta property=\"article:modified_time\" content=\"2025-05-27T13:30:34+00:00\" \/>\n<meta name=\"twitter:card\" content=\"summary_large_image\" \/>\n<meta name=\"twitter:label1\" content=\"Gesch\u00e4tzte Lesezeit\" \/>\n\t<meta name=\"twitter:data1\" content=\"1\u00a0Minute\" \/>\n<script type=\"application\/ld+json\" class=\"yoast-schema-graph\">{\"@context\":\"https:\/\/schema.org\",\"@graph\":[{\"@type\":\"WebPage\",\"@id\":\"https:\/\/www.ecmanage.org\/functionalities\/\",\"url\":\"https:\/\/www.ecmanage.org\/functionalities\/\",\"name\":\"Functionalities - www.ecmanage.eu\",\"isPartOf\":{\"@id\":\"https:\/\/www.ecmanage.org\/de\/#website\"},\"datePublished\":\"2021-11-22T15:30:47+00:00\",\"dateModified\":\"2025-05-27T13:30:34+00:00\",\"breadcrumb\":{\"@id\":\"https:\/\/www.ecmanage.org\/functionalities\/#breadcrumb\"},\"inLanguage\":\"de\",\"potentialAction\":[{\"@type\":\"ReadAction\",\"target\":[\"https:\/\/www.ecmanage.org\/functionalities\/\"]}]},{\"@type\":\"BreadcrumbList\",\"@id\":\"https:\/\/www.ecmanage.org\/functionalities\/#breadcrumb\",\"itemListElement\":[{\"@type\":\"ListItem\",\"position\":1,\"name\":\"Home\",\"item\":\"https:\/\/www.ecmanage.org\/de\/\"},{\"@type\":\"ListItem\",\"position\":2,\"name\":\"Functionalities\"}]},{\"@type\":\"WebSite\",\"@id\":\"https:\/\/www.ecmanage.org\/de\/#website\",\"url\":\"https:\/\/www.ecmanage.org\/de\/\",\"name\":\"www.ecmanage.eu\",\"description\":\"Wardrobe Management System - It&#039;s Online, It&#039;s Easy\",\"publisher\":{\"@id\":\"https:\/\/www.ecmanage.org\/de\/#organization\"},\"potentialAction\":[{\"@type\":\"SearchAction\",\"target\":{\"@type\":\"EntryPoint\",\"urlTemplate\":\"https:\/\/www.ecmanage.org\/de\/?s={search_term_string}\"},\"query-input\":{\"@type\":\"PropertyValueSpecification\",\"valueRequired\":true,\"valueName\":\"search_term_string\"}}],\"inLanguage\":\"de\"},{\"@type\":\"Organization\",\"@id\":\"https:\/\/www.ecmanage.org\/de\/#organization\",\"name\":\"www.ecmanage.eu\",\"url\":\"https:\/\/www.ecmanage.org\/de\/\",\"logo\":{\"@type\":\"ImageObject\",\"inLanguage\":\"de\",\"@id\":\"https:\/\/www.ecmanage.org\/de\/#\/schema\/logo\/image\/\",\"url\":\"https:\/\/www.ecmanage.org\/wp-content\/uploads\/2021\/11\/Ecmanage_logo.png\",\"contentUrl\":\"https:\/\/www.ecmanage.org\/wp-content\/uploads\/2021\/11\/Ecmanage_logo.png\",\"width\":323,\"height\":106,\"caption\":\"www.ecmanage.eu\"},\"image\":{\"@id\":\"https:\/\/www.ecmanage.org\/de\/#\/schema\/logo\/image\/\"}}]}<\/script>\n<!-- \/ Yoast SEO plugin. -->","yoast_head_json":{"title":"Funktionalit\u00e4ten - www.ecmanage.eu","robots":{"index":"index","follow":"follow","max-snippet":"max-snippet:-1","max-image-preview":"max-image-preview:large","max-video-preview":"max-video-preview:-1"},"canonical":"https:\/\/www.ecmanage.org\/de\/funktionalitaten\/","og_locale":"de_DE","og_type":"article","og_title":"Functionalities - www.ecmanage.eu","og_description":"Functionalities Our system is used by suppliers of workwear and personal protective equipment, customers with their own work clothing and the wearers who order their work clothing. Ecmanage has a large number of standard modules that you can always use when purchasing Ecmanage. We also offer further expansions for customers who want to design their...","og_url":"https:\/\/www.ecmanage.org\/de\/funktionalitaten\/","og_site_name":"www.ecmanage.eu","article_modified_time":"2025-05-27T13:30:34+00:00","twitter_card":"summary_large_image","twitter_misc":{"Gesch\u00e4tzte Lesezeit":"1\u00a0Minute"},"schema":{"@context":"https:\/\/schema.org","@graph":[{"@type":"WebPage","@id":"https:\/\/www.ecmanage.org\/functionalities\/","url":"https:\/\/www.ecmanage.org\/functionalities\/","name":"Funktionalit\u00e4ten - www.ecmanage.eu","isPartOf":{"@id":"https:\/\/www.ecmanage.org\/de\/#website"},"datePublished":"2021-11-22T15:30:47+00:00","dateModified":"2025-05-27T13:30:34+00:00","breadcrumb":{"@id":"https:\/\/www.ecmanage.org\/functionalities\/#breadcrumb"},"inLanguage":"de","potentialAction":[{"@type":"ReadAction","target":["https:\/\/www.ecmanage.org\/functionalities\/"]}]},{"@type":"BreadcrumbList","@id":"https:\/\/www.ecmanage.org\/functionalities\/#breadcrumb","itemListElement":[{"@type":"ListItem","position":1,"name":"Home","item":"https:\/\/www.ecmanage.org\/de\/"},{"@type":"ListItem","position":2,"name":"Functionalities"}]},{"@type":"WebSite","@id":"https:\/\/www.ecmanage.org\/de\/#website","url":"https:\/\/www.ecmanage.org\/de\/","name":"www.ecmanage.eu","description":"Kleiderschrank-Management-System - Es&#039;s online, es&#039;s einfach","publisher":{"@id":"https:\/\/www.ecmanage.org\/de\/#organization"},"potentialAction":[{"@type":"SearchAction","target":{"@type":"EntryPoint","urlTemplate":"https:\/\/www.ecmanage.org\/de\/?s={search_term_string}"},"query-input":{"@type":"PropertyValueSpecification","valueRequired":true,"valueName":"search_term_string"}}],"inLanguage":"de"},{"@type":"Organization","@id":"https:\/\/www.ecmanage.org\/de\/#organization","name":"www.ecmanage.eu","url":"https:\/\/www.ecmanage.org\/de\/","logo":{"@type":"ImageObject","inLanguage":"de","@id":"https:\/\/www.ecmanage.org\/de\/#\/schema\/logo\/image\/","url":"https:\/\/www.ecmanage.org\/wp-content\/uploads\/2021\/11\/Ecmanage_logo.png","contentUrl":"https:\/\/www.ecmanage.org\/wp-content\/uploads\/2021\/11\/Ecmanage_logo.png","width":323,"height":106,"caption":"www.ecmanage.eu"},"image":{"@id":"https:\/\/www.ecmanage.org\/de\/#\/schema\/logo\/image\/"}}]}},"_links":{"self":[{"href":"https:\/\/www.ecmanage.org\/de\/wp-json\/wp\/v2\/pages\/24","targetHints":{"allow":["GET"]}}],"collection":[{"href":"https:\/\/www.ecmanage.org\/de\/wp-json\/wp\/v2\/pages"}],"about":[{"href":"https:\/\/www.ecmanage.org\/de\/wp-json\/wp\/v2\/types\/page"}],"author":[{"embeddable":true,"href":"https:\/\/www.ecmanage.org\/de\/wp-json\/wp\/v2\/users\/6"}],"replies":[{"embeddable":true,"href":"https:\/\/www.ecmanage.org\/de\/wp-json\/wp\/v2\/comments?post=24"}],"version-history":[{"count":56,"href":"https:\/\/www.ecmanage.org\/de\/wp-json\/wp\/v2\/pages\/24\/revisions"}],"predecessor-version":[{"id":5074,"href":"https:\/\/www.ecmanage.org\/de\/wp-json\/wp\/v2\/pages\/24\/revisions\/5074"}],"wp:attachment":[{"href":"https:\/\/www.ecmanage.org\/de\/wp-json\/wp\/v2\/media?parent=24"}],"curies":[{"name":"wp","href":"https:\/\/api.w.org\/{rel}","templated":true}]}}