{"id":571,"date":"2022-01-03T09:27:51","date_gmt":"2022-01-03T09:27:51","guid":{"rendered":"https:\/\/www.ecmanage.eu\/?page_id=571"},"modified":"2026-01-16T11:36:31","modified_gmt":"2026-01-16T10:36:31","slug":"sikkerhed","status":"publish","type":"page","link":"https:\/\/www.ecmanage.org\/da\/sikkerhed\/","title":{"rendered":"ISO- og NEN"},"content":{"rendered":"<div data-elementor-type=\"wp-page\" data-elementor-id=\"571\" class=\"elementor elementor-571\" data-elementor-settings=\"{&quot;ha_cmc_init_switcher&quot;:&quot;no&quot;}\" data-elementor-post-type=\"page\">\n\t\t\t\t\t\t<section class=\"elementor-section elementor-top-section elementor-element elementor-element-75c3d644 elementor-section-height-min-height elementor-section-boxed elementor-section-height-default elementor-section-items-middle\" data-id=\"75c3d644\" data-element_type=\"section\" data-settings=\"{&quot;background_background&quot;:&quot;classic&quot;,&quot;_ha_eqh_enable&quot;:false}\">\n\t\t\t\t\t\t\t<div class=\"elementor-background-overlay\"><\/div>\n\t\t\t\t\t\t\t<div class=\"elementor-container elementor-column-gap-default\">\n\t\t\t\t\t<div class=\"elementor-column elementor-col-100 elementor-top-column elementor-element elementor-element-31cacacb\" data-id=\"31cacacb\" data-element_type=\"column\">\n\t\t\t<div class=\"elementor-widget-wrap elementor-element-populated\">\n\t\t\t\t\t\t<div class=\"elementor-element elementor-element-7932e03e elementor-widget elementor-widget-heading\" data-id=\"7932e03e\" data-element_type=\"widget\" data-widget_type=\"heading.default\">\n\t\t\t\t<div class=\"elementor-widget-container\">\n\t\t\t\t\t<h2 class=\"elementor-heading-title elementor-size-default\">ISO- og NEN-certificering<\/h2>\t\t\t\t<\/div>\n\t\t\t\t<\/div>\n\t\t\t\t\t<\/div>\n\t\t<\/div>\n\t\t\t\t\t<\/div>\n\t\t<\/section>\n\t\t\t\t<section class=\"elementor-section elementor-top-section elementor-element elementor-element-29cd2be elementor-section-boxed elementor-section-height-default elementor-section-height-default\" data-id=\"29cd2be\" data-element_type=\"section\" data-settings=\"{&quot;_ha_eqh_enable&quot;:false}\">\n\t\t\t\t\t\t<div class=\"elementor-container elementor-column-gap-default\">\n\t\t\t\t\t<div class=\"elementor-column elementor-col-100 elementor-top-column elementor-element elementor-element-4f6e1d7\" data-id=\"4f6e1d7\" data-element_type=\"column\">\n\t\t\t<div class=\"elementor-widget-wrap elementor-element-populated\">\n\t\t\t\t\t\t<div class=\"elementor-element elementor-element-ae42b99 elementor-widget elementor-widget-heading\" data-id=\"ae42b99\" data-element_type=\"widget\" data-widget_type=\"heading.default\">\n\t\t\t\t<div class=\"elementor-widget-container\">\n\t\t\t\t\t<h2 class=\"elementor-heading-title elementor-size-default\">ISO 27001 Certificering<\/h2>\t\t\t\t<\/div>\n\t\t\t\t<\/div>\n\t\t\t\t<div class=\"elementor-element elementor-element-c1e2f24 elementor-widget elementor-widget-text-editor\" data-id=\"c1e2f24\" data-element_type=\"widget\" data-widget_type=\"text-editor.default\">\n\t\t\t\t<div class=\"elementor-widget-container\">\n\t\t\t\t\t\t\t\t\t<p>Informationssikkerhed er en topprioritet for os. Da vi har behandlet personlige og medicinske data for vores kunder i \u00e5revis, er det normalt for os at behandle disse data med stor omhu. Siden 2017 opfylder vi kravene i de meget strenge standarder for informationssikkerhed: ISO27001 og NEN7510. Lloyds Register Quality Assurance overv\u00e5ger sikring af begge certifikater gennem \u00e5rlige revisioner af vores Informationssikkerhedsstyringssystem (ISMS).<\/p><p>Vi er meget stolte af, at vi har vores processer fuldt under kontrol, at vi har indsigt i alle risici, og at vi har truffet velovervejede foranstaltninger for at minimere disse risici. Dette er en kontinuerlig forbedringsproces, som vi har integreret fuldt ud i vores styringssystem. Desuden er alle inden for vores organisation opm\u00e6rksomme p\u00e5, at informationssikkerhed er et stort aktiv, der fortsat skal v\u00e6rds\u00e6ttes.<\/p><p>OIS Workflow Management BV, Ecmanage BV og SDS Medical BV er en del af OIS (Olveco Informatica Services). Certifikaterne g\u00e6lder for disse organisationer.<\/p>\t\t\t\t\t\t\t\t<\/div>\n\t\t\t\t<\/div>\n\t\t\t\t<div class=\"elementor-element elementor-element-b9bfdd7 elementor-widget elementor-widget-image\" data-id=\"b9bfdd7\" data-element_type=\"widget\" data-widget_type=\"image.default\">\n\t\t\t\t<div class=\"elementor-widget-container\">\n\t\t\t\t\t\t\t\t\t\t\t\t\t\t\t<img fetchpriority=\"high\" decoding=\"async\" width=\"800\" height=\"313\" src=\"https:\/\/www.ecmanage.org\/wp-content\/uploads\/2023\/08\/ISO-NEN-combinatie-1024x400.png\" class=\"attachment-large size-large wp-image-3500\" alt=\"\" srcset=\"https:\/\/www.ecmanage.org\/wp-content\/uploads\/2023\/08\/ISO-NEN-combinatie-1024x400.png 1024w, https:\/\/www.ecmanage.org\/wp-content\/uploads\/2023\/08\/ISO-NEN-combinatie-300x117.png 300w, https:\/\/www.ecmanage.org\/wp-content\/uploads\/2023\/08\/ISO-NEN-combinatie-768x300.png 768w, https:\/\/www.ecmanage.org\/wp-content\/uploads\/2023\/08\/ISO-NEN-combinatie-1536x599.png 1536w, https:\/\/www.ecmanage.org\/wp-content\/uploads\/2023\/08\/ISO-NEN-combinatie-2048x799.png 2048w, https:\/\/www.ecmanage.org\/wp-content\/uploads\/2023\/08\/ISO-NEN-combinatie-18x7.png 18w\" sizes=\"(max-width: 800px) 100vw, 800px\" \/>\t\t\t\t\t\t\t\t\t\t\t\t\t\t\t<\/div>\n\t\t\t\t<\/div>\n\t\t\t\t<section class=\"elementor-section elementor-inner-section elementor-element elementor-element-e29d2b1 elementor-section-boxed elementor-section-height-default elementor-section-height-default\" data-id=\"e29d2b1\" data-element_type=\"section\" data-settings=\"{&quot;_ha_eqh_enable&quot;:false}\">\n\t\t\t\t\t\t<div class=\"elementor-container elementor-column-gap-default\">\n\t\t\t\t\t<div class=\"elementor-column elementor-col-50 elementor-inner-column elementor-element elementor-element-4a6aae0\" data-id=\"4a6aae0\" data-element_type=\"column\">\n\t\t\t<div class=\"elementor-widget-wrap elementor-element-populated\">\n\t\t\t\t\t\t<div class=\"elementor-element elementor-element-63b5dea elementor-align-right elementor-mobile-align-center elementor-widget elementor-widget-button\" data-id=\"63b5dea\" data-element_type=\"widget\" data-widget_type=\"button.default\">\n\t\t\t\t<div class=\"elementor-widget-container\">\n\t\t\t\t\t\t\t\t\t<div class=\"elementor-button-wrapper\">\n\t\t\t\t\t<a class=\"elementor-button elementor-button-link elementor-size-sm\" href=\"https:\/\/www.ecmanage.eu\/wp-content\/uploads\/2026\/01\/0025829-ICT-ENGUS-UKAS.PDF-2.pdf\" target=\"_blank\">\n\t\t\t\t\t\t<span class=\"elementor-button-content-wrapper\">\n\t\t\t\t\t\t\t\t\t<span class=\"elementor-button-text\">Download ISO-certifikat<\/span>\n\t\t\t\t\t<\/span>\n\t\t\t\t\t<\/a>\n\t\t\t\t<\/div>\n\t\t\t\t\t\t\t\t<\/div>\n\t\t\t\t<\/div>\n\t\t\t\t\t<\/div>\n\t\t<\/div>\n\t\t\t\t<div class=\"elementor-column elementor-col-50 elementor-inner-column elementor-element elementor-element-2591711\" data-id=\"2591711\" data-element_type=\"column\">\n\t\t\t<div class=\"elementor-widget-wrap elementor-element-populated\">\n\t\t\t\t\t\t<div class=\"elementor-element elementor-element-97461d7 elementor-align-left elementor-mobile-align-center elementor-widget elementor-widget-button\" data-id=\"97461d7\" data-element_type=\"widget\" data-widget_type=\"button.default\">\n\t\t\t\t<div class=\"elementor-widget-container\">\n\t\t\t\t\t\t\t\t\t<div class=\"elementor-button-wrapper\">\n\t\t\t\t\t<a class=\"elementor-button elementor-button-link elementor-size-sm\" href=\"https:\/\/www.ecmanage.eu\/wp-content\/uploads\/2025\/11\/0025830-NEN7510-ENGUS-RVA.PDF-1.pdf\" target=\"_blank\">\n\t\t\t\t\t\t<span class=\"elementor-button-content-wrapper\">\n\t\t\t\t\t\t\t\t\t<span class=\"elementor-button-text\">Download NEN-certifikat<\/span>\n\t\t\t\t\t<\/span>\n\t\t\t\t\t<\/a>\n\t\t\t\t<\/div>\n\t\t\t\t\t\t\t\t<\/div>\n\t\t\t\t<\/div>\n\t\t\t\t\t<\/div>\n\t\t<\/div>\n\t\t\t\t\t<\/div>\n\t\t<\/section>\n\t\t\t\t\t<\/div>\n\t\t<\/div>\n\t\t\t\t\t<\/div>\n\t\t<\/section>\n\t\t\t\t<section class=\"elementor-section elementor-top-section elementor-element elementor-element-d005875 elementor-section-boxed elementor-section-height-default elementor-section-height-default\" data-id=\"d005875\" data-element_type=\"section\" data-settings=\"{&quot;background_background&quot;:&quot;classic&quot;,&quot;_ha_eqh_enable&quot;:false}\">\n\t\t\t\t\t\t<div class=\"elementor-container elementor-column-gap-default\">\n\t\t\t\t\t<div class=\"elementor-column elementor-col-100 elementor-top-column elementor-element elementor-element-44e8b91\" data-id=\"44e8b91\" data-element_type=\"column\">\n\t\t\t<div class=\"elementor-widget-wrap elementor-element-populated\">\n\t\t\t\t\t\t<div class=\"elementor-element elementor-element-94371c0 elementor-widget elementor-widget-heading\" data-id=\"94371c0\" data-element_type=\"widget\" data-widget_type=\"heading.default\">\n\t\t\t\t<div class=\"elementor-widget-container\">\n\t\t\t\t\t<h2 class=\"elementor-heading-title elementor-size-default\"><span style=\"font-weight: normal\">Anmod om demo<\/span><\/h2>\t\t\t\t<\/div>\n\t\t\t\t<\/div>\n\t\t\t\t<div class=\"elementor-element elementor-element-f988445 elementor-widget elementor-widget-text-editor\" data-id=\"f988445\" data-element_type=\"widget\" data-widget_type=\"text-editor.default\">\n\t\t\t\t<div class=\"elementor-widget-container\">\n\t\t\t\t\t\t\t\t\t<p>Anmod om en demo, s\u00e5 viser vi dig, hvor vores Ecmanage-system passer til dine behov i hele forretningsprocessen af \u200b\u200bdit arbejdst\u00f8j og PPE.<\/p>\t\t\t\t\t\t\t\t<\/div>\n\t\t\t\t<\/div>\n\t\t\t\t<div class=\"elementor-element elementor-element-bf982ba elementor-align-center elementor-widget elementor-widget-button\" data-id=\"bf982ba\" data-element_type=\"widget\" data-widget_type=\"button.default\">\n\t\t\t\t<div class=\"elementor-widget-container\">\n\t\t\t\t\t\t\t\t\t<div class=\"elementor-button-wrapper\">\n\t\t\t\t\t<a class=\"elementor-button elementor-button-link elementor-size-sm\" href=\"https:\/\/www.ecmanage.eu\/demo\/\">\n\t\t\t\t\t\t<span class=\"elementor-button-content-wrapper\">\n\t\t\t\t\t\t\t\t\t<span class=\"elementor-button-text\">Anmod om demo<\/span>\n\t\t\t\t\t<\/span>\n\t\t\t\t\t<\/a>\n\t\t\t\t<\/div>\n\t\t\t\t\t\t\t\t<\/div>\n\t\t\t\t<\/div>\n\t\t\t\t\t<\/div>\n\t\t<\/div>\n\t\t\t\t\t<\/div>\n\t\t<\/section>\n\t\t\t\t<\/div>","protected":false},"excerpt":{"rendered":"<p>ISO- og NEN-certificering ISO27001- og NEN7510-certificering Informationssikkerhed er meget vigtigt for os. Fordi vi har behandlet personlige og medicinske data for vores kunder i \u00e5revis, er det helt naturligt for os at h\u00e5ndtere disse data med stor omhu. Siden 2017 har vi opfyldt kravene i de meget strenge standarder for informationssikkerhed...<\/p>","protected":false},"author":6,"featured_media":0,"parent":0,"menu_order":0,"comment_status":"closed","ping_status":"closed","template":"elementor_header_footer","meta":{"_eb_attr":"","footnotes":"","_links_to":"","_links_to_target":""},"class_list":["post-571","page","type-page","status-publish","hentry"],"yoast_head":"<!-- This site is optimized with the Yoast SEO plugin v26.7 - https:\/\/yoast.com\/wordpress\/plugins\/seo\/ -->\n<title>ISO and NEN - www.ecmanage.eu<\/title>\n<meta name=\"robots\" content=\"index, follow, max-snippet:-1, max-image-preview:large, max-video-preview:-1\" \/>\n<link rel=\"canonical\" href=\"https:\/\/www.ecmanage.org\/da\/sikkerhed\/\" \/>\n<meta property=\"og:locale\" content=\"da_DK\" \/>\n<meta property=\"og:type\" content=\"article\" \/>\n<meta property=\"og:title\" content=\"ISO and NEN - www.ecmanage.eu\" \/>\n<meta property=\"og:description\" content=\"ISO and NEN certification ISO27001 and NEN7510 certification Information security is very important to us. Because we have been processing personal and medical data for our customers for years, it is quite natural for us to handle this data with great care. Since 2017 we meet the requirements of the very strict standards for information...\" \/>\n<meta property=\"og:url\" content=\"https:\/\/www.ecmanage.org\/da\/sikkerhed\/\" \/>\n<meta property=\"og:site_name\" content=\"www.ecmanage.eu\" \/>\n<meta property=\"article:modified_time\" content=\"2026-01-16T10:36:31+00:00\" \/>\n<meta property=\"og:image\" content=\"https:\/\/www.ecmanage.eu\/wp-content\/uploads\/2023\/08\/ISO-NEN-combinatie-1024x400.png\" \/>\n<meta name=\"twitter:card\" content=\"summary_large_image\" \/>\n<meta name=\"twitter:label1\" content=\"Estimeret l\u00e6setid\" \/>\n\t<meta name=\"twitter:data1\" content=\"2 minutter\" \/>\n<script type=\"application\/ld+json\" class=\"yoast-schema-graph\">{\"@context\":\"https:\/\/schema.org\",\"@graph\":[{\"@type\":\"WebPage\",\"@id\":\"https:\/\/www.ecmanage.org\/security\/\",\"url\":\"https:\/\/www.ecmanage.org\/security\/\",\"name\":\"ISO and NEN - www.ecmanage.eu\",\"isPartOf\":{\"@id\":\"https:\/\/www.ecmanage.org\/de\/#website\"},\"primaryImageOfPage\":{\"@id\":\"https:\/\/www.ecmanage.org\/security\/#primaryimage\"},\"image\":{\"@id\":\"https:\/\/www.ecmanage.org\/security\/#primaryimage\"},\"thumbnailUrl\":\"https:\/\/www.ecmanage.eu\/wp-content\/uploads\/2023\/08\/ISO-NEN-combinatie-1024x400.png\",\"datePublished\":\"2022-01-03T09:27:51+00:00\",\"dateModified\":\"2026-01-16T10:36:31+00:00\",\"breadcrumb\":{\"@id\":\"https:\/\/www.ecmanage.org\/security\/#breadcrumb\"},\"inLanguage\":\"da-DK\",\"potentialAction\":[{\"@type\":\"ReadAction\",\"target\":[\"https:\/\/www.ecmanage.org\/security\/\"]}]},{\"@type\":\"ImageObject\",\"inLanguage\":\"da-DK\",\"@id\":\"https:\/\/www.ecmanage.org\/security\/#primaryimage\",\"url\":\"https:\/\/www.ecmanage.eu\/wp-content\/uploads\/2023\/08\/ISO-NEN-combinatie-1024x400.png\",\"contentUrl\":\"https:\/\/www.ecmanage.eu\/wp-content\/uploads\/2023\/08\/ISO-NEN-combinatie-1024x400.png\"},{\"@type\":\"BreadcrumbList\",\"@id\":\"https:\/\/www.ecmanage.org\/security\/#breadcrumb\",\"itemListElement\":[{\"@type\":\"ListItem\",\"position\":1,\"name\":\"Home\",\"item\":\"https:\/\/www.ecmanage.org\/de\/\"},{\"@type\":\"ListItem\",\"position\":2,\"name\":\"ISO and NEN\"}]},{\"@type\":\"WebSite\",\"@id\":\"https:\/\/www.ecmanage.org\/de\/#website\",\"url\":\"https:\/\/www.ecmanage.org\/de\/\",\"name\":\"www.ecmanage.eu\",\"description\":\"Wardrobe Management System - It&#039;s Online, It&#039;s Easy\",\"publisher\":{\"@id\":\"https:\/\/www.ecmanage.org\/de\/#organization\"},\"potentialAction\":[{\"@type\":\"SearchAction\",\"target\":{\"@type\":\"EntryPoint\",\"urlTemplate\":\"https:\/\/www.ecmanage.org\/de\/?s={search_term_string}\"},\"query-input\":{\"@type\":\"PropertyValueSpecification\",\"valueRequired\":true,\"valueName\":\"search_term_string\"}}],\"inLanguage\":\"da-DK\"},{\"@type\":\"Organization\",\"@id\":\"https:\/\/www.ecmanage.org\/de\/#organization\",\"name\":\"www.ecmanage.eu\",\"url\":\"https:\/\/www.ecmanage.org\/de\/\",\"logo\":{\"@type\":\"ImageObject\",\"inLanguage\":\"da-DK\",\"@id\":\"https:\/\/www.ecmanage.org\/de\/#\/schema\/logo\/image\/\",\"url\":\"https:\/\/www.ecmanage.org\/wp-content\/uploads\/2021\/11\/Ecmanage_logo.png\",\"contentUrl\":\"https:\/\/www.ecmanage.org\/wp-content\/uploads\/2021\/11\/Ecmanage_logo.png\",\"width\":323,\"height\":106,\"caption\":\"www.ecmanage.eu\"},\"image\":{\"@id\":\"https:\/\/www.ecmanage.org\/de\/#\/schema\/logo\/image\/\"}}]}<\/script>\n<!-- \/ Yoast SEO plugin. -->","yoast_head_json":{"title":"ISO og NEN - www.ecmanage.eu","robots":{"index":"index","follow":"follow","max-snippet":"max-snippet:-1","max-image-preview":"max-image-preview:large","max-video-preview":"max-video-preview:-1"},"canonical":"https:\/\/www.ecmanage.org\/da\/sikkerhed\/","og_locale":"da_DK","og_type":"article","og_title":"ISO and NEN - www.ecmanage.eu","og_description":"ISO and NEN certification ISO27001 and NEN7510 certification Information security is very important to us. Because we have been processing personal and medical data for our customers for years, it is quite natural for us to handle this data with great care. Since 2017 we meet the requirements of the very strict standards for information...","og_url":"https:\/\/www.ecmanage.org\/da\/sikkerhed\/","og_site_name":"www.ecmanage.eu","article_modified_time":"2026-01-16T10:36:31+00:00","og_image":[{"url":"https:\/\/www.ecmanage.eu\/wp-content\/uploads\/2023\/08\/ISO-NEN-combinatie-1024x400.png","type":"","width":"","height":""}],"twitter_card":"summary_large_image","twitter_misc":{"Estimeret l\u00e6setid":"2 minutter"},"schema":{"@context":"https:\/\/schema.org","@graph":[{"@type":"WebPage","@id":"https:\/\/www.ecmanage.org\/security\/","url":"https:\/\/www.ecmanage.org\/security\/","name":"ISO og NEN - www.ecmanage.eu","isPartOf":{"@id":"https:\/\/www.ecmanage.org\/de\/#website"},"primaryImageOfPage":{"@id":"https:\/\/www.ecmanage.org\/security\/#primaryimage"},"image":{"@id":"https:\/\/www.ecmanage.org\/security\/#primaryimage"},"thumbnailUrl":"https:\/\/www.ecmanage.eu\/wp-content\/uploads\/2023\/08\/ISO-NEN-combinatie-1024x400.png","datePublished":"2022-01-03T09:27:51+00:00","dateModified":"2026-01-16T10:36:31+00:00","breadcrumb":{"@id":"https:\/\/www.ecmanage.org\/security\/#breadcrumb"},"inLanguage":"da-DK","potentialAction":[{"@type":"ReadAction","target":["https:\/\/www.ecmanage.org\/security\/"]}]},{"@type":"ImageObject","inLanguage":"da-DK","@id":"https:\/\/www.ecmanage.org\/security\/#primaryimage","url":"https:\/\/www.ecmanage.eu\/wp-content\/uploads\/2023\/08\/ISO-NEN-combinatie-1024x400.png","contentUrl":"https:\/\/www.ecmanage.eu\/wp-content\/uploads\/2023\/08\/ISO-NEN-combinatie-1024x400.png"},{"@type":"BreadcrumbList","@id":"https:\/\/www.ecmanage.org\/security\/#breadcrumb","itemListElement":[{"@type":"ListItem","position":1,"name":"Home","item":"https:\/\/www.ecmanage.org\/de\/"},{"@type":"ListItem","position":2,"name":"ISO and NEN"}]},{"@type":"WebSite","@id":"https:\/\/www.ecmanage.org\/de\/#website","url":"https:\/\/www.ecmanage.org\/de\/","name":"www.ecmanage.eu","description":"Garderobestyringssystem - det er online, det er nemt","publisher":{"@id":"https:\/\/www.ecmanage.org\/de\/#organization"},"potentialAction":[{"@type":"SearchAction","target":{"@type":"EntryPoint","urlTemplate":"https:\/\/www.ecmanage.org\/de\/?s={search_term_string}"},"query-input":{"@type":"PropertyValueSpecification","valueRequired":true,"valueName":"search_term_string"}}],"inLanguage":"da-DK"},{"@type":"Organization","@id":"https:\/\/www.ecmanage.org\/de\/#organization","name":"www.ecmanage.eu","url":"https:\/\/www.ecmanage.org\/de\/","logo":{"@type":"ImageObject","inLanguage":"da-DK","@id":"https:\/\/www.ecmanage.org\/de\/#\/schema\/logo\/image\/","url":"https:\/\/www.ecmanage.org\/wp-content\/uploads\/2021\/11\/Ecmanage_logo.png","contentUrl":"https:\/\/www.ecmanage.org\/wp-content\/uploads\/2021\/11\/Ecmanage_logo.png","width":323,"height":106,"caption":"www.ecmanage.eu"},"image":{"@id":"https:\/\/www.ecmanage.org\/de\/#\/schema\/logo\/image\/"}}]}},"_links":{"self":[{"href":"https:\/\/www.ecmanage.org\/da\/wp-json\/wp\/v2\/pages\/571","targetHints":{"allow":["GET"]}}],"collection":[{"href":"https:\/\/www.ecmanage.org\/da\/wp-json\/wp\/v2\/pages"}],"about":[{"href":"https:\/\/www.ecmanage.org\/da\/wp-json\/wp\/v2\/types\/page"}],"author":[{"embeddable":true,"href":"https:\/\/www.ecmanage.org\/da\/wp-json\/wp\/v2\/users\/6"}],"replies":[{"embeddable":true,"href":"https:\/\/www.ecmanage.org\/da\/wp-json\/wp\/v2\/comments?post=571"}],"version-history":[{"count":65,"href":"https:\/\/www.ecmanage.org\/da\/wp-json\/wp\/v2\/pages\/571\/revisions"}],"predecessor-version":[{"id":5485,"href":"https:\/\/www.ecmanage.org\/da\/wp-json\/wp\/v2\/pages\/571\/revisions\/5485"}],"wp:attachment":[{"href":"https:\/\/www.ecmanage.org\/da\/wp-json\/wp\/v2\/media?parent=571"}],"curies":[{"name":"wp","href":"https:\/\/api.w.org\/{rel}","templated":true}]}}