{"id":476,"date":"2021-12-28T12:07:17","date_gmt":"2021-12-28T12:07:17","guid":{"rendered":"https:\/\/www.ecmanage.eu\/?page_id=476"},"modified":"2024-05-14T10:24:39","modified_gmt":"2024-05-14T10:24:39","slug":"demo","status":"publish","type":"page","link":"https:\/\/www.ecmanage.org\/da\/demo\/","title":{"rendered":"Demo"},"content":{"rendered":"<div data-elementor-type=\"wp-page\" data-elementor-id=\"476\" class=\"elementor elementor-476\" data-elementor-settings=\"{&quot;ha_cmc_init_switcher&quot;:&quot;no&quot;}\" data-elementor-post-type=\"page\">\n\t\t\t\t\t\t<section class=\"elementor-section elementor-top-section elementor-element elementor-element-7cc9b2dc elementor-section-height-min-height elementor-section-boxed elementor-section-height-default elementor-section-items-middle\" data-id=\"7cc9b2dc\" data-element_type=\"section\" data-settings=\"{&quot;background_background&quot;:&quot;classic&quot;,&quot;_ha_eqh_enable&quot;:false}\">\n\t\t\t\t\t\t\t<div class=\"elementor-background-overlay\"><\/div>\n\t\t\t\t\t\t\t<div class=\"elementor-container elementor-column-gap-default\">\n\t\t\t\t\t<div class=\"elementor-column elementor-col-100 elementor-top-column elementor-element elementor-element-29f82f15\" data-id=\"29f82f15\" data-element_type=\"column\">\n\t\t\t<div class=\"elementor-widget-wrap elementor-element-populated\">\n\t\t\t\t\t\t<div class=\"elementor-element elementor-element-7bd1443e elementor-widget elementor-widget-heading\" data-id=\"7bd1443e\" data-element_type=\"widget\" data-widget_type=\"heading.default\">\n\t\t\t\t<div class=\"elementor-widget-container\">\n\t\t\t\t\t<h2 class=\"elementor-heading-title elementor-size-default\">Anmod om demo<\/h2>\t\t\t\t<\/div>\n\t\t\t\t<\/div>\n\t\t\t\t\t<\/div>\n\t\t<\/div>\n\t\t\t\t\t<\/div>\n\t\t<\/section>\n\t\t\t\t<section class=\"elementor-section elementor-top-section elementor-element elementor-element-c944469 elementor-section-boxed elementor-section-height-default elementor-section-height-default\" data-id=\"c944469\" data-element_type=\"section\" data-settings=\"{&quot;_ha_eqh_enable&quot;:false}\">\n\t\t\t\t\t\t<div class=\"elementor-container elementor-column-gap-default\">\n\t\t\t\t\t<div class=\"elementor-column elementor-col-50 elementor-top-column elementor-element elementor-element-3ab6d566\" data-id=\"3ab6d566\" data-element_type=\"column\">\n\t\t\t<div class=\"elementor-widget-wrap elementor-element-populated\">\n\t\t\t\t\t\t<div class=\"elementor-element elementor-element-f0d7c98 elementor-widget elementor-widget-heading\" data-id=\"f0d7c98\" data-element_type=\"widget\" data-widget_type=\"heading.default\">\n\t\t\t\t<div class=\"elementor-widget-container\">\n\t\t\t\t\t<h2 class=\"elementor-heading-title elementor-size-default\">Anmod om demo<\/h2>\t\t\t\t<\/div>\n\t\t\t\t<\/div>\n\t\t\t\t<div class=\"elementor-element elementor-element-0fa763a elementor-widget elementor-widget-text-editor\" data-id=\"0fa763a\" data-element_type=\"widget\" data-widget_type=\"text-editor.default\">\n\t\t\t\t<div class=\"elementor-widget-container\">\n\t\t\t\t\t\t\t\t\t<p>Anmod om en demo til Ecmanages bestillingssystem af arbejdst\u00f8j og PV. Hvis du indtaster dine oplysninger via denne formular, s\u00e5 laver vi en aftale om at komme forbi og vise en demo.<\/p><p>Udfyld dine oplysninger i felterne nedenfor. Vi beder dig om at give komplette oplysninger: din e-mailadresse, dit navn og endelig dit telefonnummer, hvor vi kan f\u00e5 fat p\u00e5 dig. Du kan desuden stille yderligere sp\u00f8rgsm\u00e5l i det sidste felt.<\/p><p>Dine oplysninger vil kun blive brugt til at sende dig oplysninger og ikke til andre form\u00e5l.<\/p>\t\t\t\t\t\t\t\t<\/div>\n\t\t\t\t<\/div>\n\t\t\t\t\t<\/div>\n\t\t<\/div>\n\t\t\t\t<div class=\"elementor-column elementor-col-50 elementor-top-column elementor-element elementor-element-48f72d4a\" data-id=\"48f72d4a\" data-element_type=\"column\" data-settings=\"{&quot;background_background&quot;:&quot;classic&quot;}\">\n\t\t\t<div class=\"elementor-widget-wrap elementor-element-populated\">\n\t\t\t\t\t\t<div class=\"elementor-element elementor-element-c5bdcd3 eael-contact-form-7-button-align-left eael-contact-form-7-button-custom elementor-widget elementor-widget-eael-contact-form-7\" data-id=\"c5bdcd3\" data-element_type=\"widget\" data-widget_type=\"eael-contact-form-7.default\">\n\t\t\t\t<div class=\"elementor-widget-container\">\n\t\t\t\t\t<div class=\"eael-contact-form-7-wrapper\">\n                <div class=\"eael-contact-form eael-contact-form-7 eael-contact-form-c5bdcd3 placeholder-show eael-contact-form-align-default\">\n<div class=\"wpcf7 no-js\" id=\"wpcf7-f1238-o1\" lang=\"en-US\" dir=\"ltr\" data-wpcf7-id=\"1238\">\n<div class=\"screen-reader-response\"><p role=\"status\" aria-live=\"polite\" aria-atomic=\"true\"><\/p> <ul><\/ul><\/div>\n<form action=\"\/da\/wp-json\/wp\/v2\/pages\/476#wpcf7-f1238-o1\" method=\"post\" class=\"wpcf7-form init\" aria-label=\"Kontaktformular\" novalidate=\"novalidate\" data-status=\"init\" data-trp-original-action=\"\/da\/wp-json\/wp\/v2\/pages\/476#wpcf7-f1238-o1\">\n<fieldset class=\"hidden-fields-container\"><input type=\"hidden\" name=\"_wpcf7\" value=\"1238\" \/><input type=\"hidden\" name=\"_wpcf7_version\" value=\"6.1.4\" \/><input type=\"hidden\" name=\"_wpcf7_locale\" value=\"en_US\" \/><input type=\"hidden\" name=\"_wpcf7_unit_tag\" value=\"wpcf7-f1238-o1\" \/><input type=\"hidden\" name=\"_wpcf7_container_post\" value=\"0\" \/><input type=\"hidden\" name=\"_wpcf7_posted_data_hash\" value=\"\" \/>\n<\/fieldset>\n<p><label> Dit navn<br \/>\n<span class=\"wpcf7-form-control-wrap\" data-name=\"your-name\"><input size=\"40\" maxlength=\"400\" class=\"wpcf7-form-control wpcf7-text wpcf7-validates-as-required\" aria-required=\"true\" aria-invalid=\"false\" value=\"\" type=\"text\" name=\"your-name\" \/><\/span> <\/label>\n<\/p>\n<p><span id=\"wpcf7-6a04d87885cd6-wrapper\" class=\"wpcf7-form-control-wrap email2-wrap\" style=\"display:none !important; visibility:hidden !important;\"><label for=\"wpcf7-6a04d87885cd6-field\" class=\"hp-message\">Lad venligst dette felt v\u00e6re tomt.<\/label><input id=\"wpcf7-6a04d87885cd6-field\"  class=\"wpcf7-form-control wpcf7-text\" type=\"text\" name=\"email2\" value=\"\" size=\"40\" tabindex=\"-1\" autocomplete=\"new-password\" \/><\/span>\n<\/p>\n<p><label> Virksomhedens navn (p\u00e5kr\u00e6vet)<br \/>\n<span class=\"wpcf7-form-control-wrap\" data-name=\"your-company-name\"><input size=\"40\" maxlength=\"400\" class=\"wpcf7-form-control wpcf7-text wpcf7-validates-as-required\" aria-required=\"true\" aria-invalid=\"false\" value=\"\" type=\"text\" name=\"your-company-name\" \/><\/span> <\/label>\n<\/p>\n<p><label> Din e-mail (p\u00e5kr\u00e6vet)<br \/>\n<span class=\"wpcf7-form-control-wrap\" data-name=\"your-email\"><input size=\"40\" maxlength=\"400\" class=\"wpcf7-form-control wpcf7-email wpcf7-validates-as-required wpcf7-text wpcf7-validates-as-email\" aria-required=\"true\" aria-invalid=\"false\" value=\"\" type=\"email\" name=\"your-email\" \/><\/span> <\/label>\n<\/p>\n<p><label> Telefonnummer (p\u00e5kr\u00e6vet)<br \/>\n<span class=\"wpcf7-form-control-wrap\" data-name=\"your-phonenumber\"><input size=\"40\" maxlength=\"400\" class=\"wpcf7-form-control wpcf7-tel wpcf7-validates-as-required wpcf7-text wpcf7-validates-as-tel\" aria-required=\"true\" aria-invalid=\"false\" value=\"\" type=\"tel\" name=\"your-phonenumber\" \/><\/span> <\/label>\n<\/p>\n<p><label> Din besked (p\u00e5kr\u00e6vet)<br \/>\n<span class=\"wpcf7-form-control-wrap\" data-name=\"your-message\"><textarea cols=\"40\" rows=\"10\" maxlength=\"2000\" class=\"wpcf7-form-control wpcf7-textarea\" aria-invalid=\"false\" name=\"your-message\"><\/textarea><\/span> <\/label>\n<\/p>\n<p><span class=\"wpcf7-form-control-wrap kc_captcha\" data-name=\"kc_captcha\"><span class=\"wpcf7-form-control wpcf7-radio\"><span class=\"captcha-image\" ><span class=\"cf7ic_instructions\">Bevis venligst, at du er et menneske ved at v\u00e6lge<span> cup<\/span>.<\/span><label><input aria-label=\"1\" type=\"radio\" name=\"kc_captcha\" value=\"kc_human\" \/><svg aria-hidden=\"true\" role=\"img\" xmlns=\"http:\/\/www.w3.org\/2000\/svg\" viewbox=\"0 0 640 512\"><path fill=\"currentColor\" d=\"M192 384h192c53 0 96-43 96-96h32a128 128 0 000-256H120c-13 0-24 11-24 24v232c0 53 43 96 96 96zM512 96a64 64 0 010 128h-32V96h32zm48 384H48c-47 0-61-64-36-64h584c25 0 11 64-36 64z\"\/><\/svg><\/label><label><input aria-label=\"2\" type=\"radio\" name=\"kc_captcha\" value=\"bot\" \/><svg aria-hidden=\"true\" role=\"img\" xmlns=\"http:\/\/www.w3.org\/2000\/svg\" viewbox=\"0 0 640 512\"><path fill=\"currentColor\" d=\"M624 352h-16V244c0-13-5-25-14-34L494 110c-9-9-21-14-34-14h-44V48c0-26-21-48-48-48H48C22 0 0 22 0 48v320c0 27 22 48 48 48h16a96 96 0 00192 0h128a96 96 0 00192 0h48c9 0 16-7 16-16v-32c0-9-7-16-16-16zM160 464a48 48 0 110-96 48 48 0 010 96zm320 0a48 48 0 110-96 48 48 0 010 96zm80-208H416V144h44l100 100v12z\"\/><\/svg><\/label><label><input aria-label=\"3\" type=\"radio\" name=\"kc_captcha\" value=\"bot\" \/><svg aria-hidden=\"true\" role=\"img\" xmlns=\"http:\/\/www.w3.org\/2000\/svg\" viewbox=\"0 0 384 512\"><path fill=\"currentColor\" d=\"M377 375l-83-87h34c21 0 32-25 17-40l-82-88h33c21 0 32-25 18-40L210 8c-10-11-26-11-36 0L70 120c-14 15-3 40 18 40h33l-82 88c-15 15-4 40 17 40h34L7 375c-15 16-4 41 17 41h120c0 33-11 49-34 68-12 9-5 28 10 28h144c15 0 22-19 10-28-20-16-34-32-34-68h120c21 0 32-25 17-41z\"\/><\/svg><\/label>\r\n    <\/span>\r\n    <span style=\"display:none\">\r\n        <input type=\"text\" name=\"kc_honeypot\">\r\n    <\/span><\/span><\/span>\n<\/p>\n<p><input class=\"wpcf7-form-control wpcf7-submit has-spinner\" type=\"submit\" value=\"Send\" \/>\n<\/p><div class=\"wpcf7-form-control-wrap maspik-field\">\n                <label for=\"full-name-maspik-hp\" class=\"wpcf7-form-control-label\">Lad dette felt v\u00e6re tomt<\/label>\n                <input size=\"1\" type=\"text\" autocomplete=\"off\" aria-hidden=\"true\" tabindex=\"-1\" name=\"full-name-maspik-hp\" id=\"full-name-maspik-hp\" class=\"wpcf7-form-control wpcf7-text\" placeholder=\"Lad dette felt v\u00e6re tomt\">\n            <\/div><div class=\"wpcf7-response-output\" aria-hidden=\"true\"><\/div>\n<input type=\"hidden\" name=\"trp-form-language\" value=\"da\"\/><\/form>\n<\/div>\n<\/div>\n            <\/div>\t\t\t\t<\/div>\n\t\t\t\t<\/div>\n\t\t\t\t\t<\/div>\n\t\t<\/div>\n\t\t\t\t\t<\/div>\n\t\t<\/section>\n\t\t\t\t<\/div>","protected":false},"excerpt":{"rendered":"<p>Anmod om en demo Anmod om en demo Anmod om en demo af Ecmanages bestillingssystem til arbejdst\u00f8j og personlige v\u00e6rnemidler. Hvis du efterlader dine oplysninger i denne formular, laver vi en aftale om at give dig en demo. Udfyld dine oplysninger i felterne nedenfor. Vi beder dig om at angive alle oplysninger: din e-mailadresse, din...<\/p>","protected":false},"author":6,"featured_media":0,"parent":0,"menu_order":0,"comment_status":"closed","ping_status":"closed","template":"elementor_header_footer","meta":{"_eb_attr":"","footnotes":"","_links_to":"","_links_to_target":""},"class_list":["post-476","page","type-page","status-publish","hentry"],"yoast_head":"<!-- This site is optimized with the Yoast SEO plugin v26.7 - https:\/\/yoast.com\/wordpress\/plugins\/seo\/ -->\n<title>Demo - www.ecmanage.eu<\/title>\n<meta name=\"robots\" content=\"index, follow, max-snippet:-1, max-image-preview:large, max-video-preview:-1\" \/>\n<link rel=\"canonical\" href=\"https:\/\/www.ecmanage.org\/da\/demo\/\" \/>\n<meta property=\"og:locale\" content=\"da_DK\" \/>\n<meta property=\"og:type\" content=\"article\" \/>\n<meta property=\"og:title\" content=\"Demo - www.ecmanage.eu\" \/>\n<meta property=\"og:description\" content=\"Request a demo Request a demo Request a demo of the Ecmanage workwear and PPE ordering system. If you leave your details using this form we will make an appointment to give you a demo. Fill in your details in the fields below. We ask you to provide the complete information: your email address, your...\" \/>\n<meta property=\"og:url\" content=\"https:\/\/www.ecmanage.org\/da\/demo\/\" \/>\n<meta property=\"og:site_name\" content=\"www.ecmanage.eu\" \/>\n<meta property=\"article:modified_time\" content=\"2024-05-14T10:24:39+00:00\" \/>\n<meta name=\"twitter:card\" content=\"summary_large_image\" \/>\n<meta name=\"twitter:label1\" content=\"Estimeret l\u00e6setid\" \/>\n\t<meta name=\"twitter:data1\" content=\"1 minut\" \/>\n<script type=\"application\/ld+json\" class=\"yoast-schema-graph\">{\"@context\":\"https:\/\/schema.org\",\"@graph\":[{\"@type\":\"WebPage\",\"@id\":\"https:\/\/www.ecmanage.org\/demo\/\",\"url\":\"https:\/\/www.ecmanage.org\/demo\/\",\"name\":\"Demo - www.ecmanage.eu\",\"isPartOf\":{\"@id\":\"https:\/\/www.ecmanage.org\/de\/#website\"},\"datePublished\":\"2021-12-28T12:07:17+00:00\",\"dateModified\":\"2024-05-14T10:24:39+00:00\",\"breadcrumb\":{\"@id\":\"https:\/\/www.ecmanage.org\/demo\/#breadcrumb\"},\"inLanguage\":\"da-DK\",\"potentialAction\":[{\"@type\":\"ReadAction\",\"target\":[\"https:\/\/www.ecmanage.org\/demo\/\"]}]},{\"@type\":\"BreadcrumbList\",\"@id\":\"https:\/\/www.ecmanage.org\/demo\/#breadcrumb\",\"itemListElement\":[{\"@type\":\"ListItem\",\"position\":1,\"name\":\"Home\",\"item\":\"https:\/\/www.ecmanage.org\/de\/\"},{\"@type\":\"ListItem\",\"position\":2,\"name\":\"Demo\"}]},{\"@type\":\"WebSite\",\"@id\":\"https:\/\/www.ecmanage.org\/de\/#website\",\"url\":\"https:\/\/www.ecmanage.org\/de\/\",\"name\":\"www.ecmanage.eu\",\"description\":\"Wardrobe Management System - It&#039;s Online, It&#039;s Easy\",\"publisher\":{\"@id\":\"https:\/\/www.ecmanage.org\/de\/#organization\"},\"potentialAction\":[{\"@type\":\"SearchAction\",\"target\":{\"@type\":\"EntryPoint\",\"urlTemplate\":\"https:\/\/www.ecmanage.org\/de\/?s={search_term_string}\"},\"query-input\":{\"@type\":\"PropertyValueSpecification\",\"valueRequired\":true,\"valueName\":\"search_term_string\"}}],\"inLanguage\":\"da-DK\"},{\"@type\":\"Organization\",\"@id\":\"https:\/\/www.ecmanage.org\/de\/#organization\",\"name\":\"www.ecmanage.eu\",\"url\":\"https:\/\/www.ecmanage.org\/de\/\",\"logo\":{\"@type\":\"ImageObject\",\"inLanguage\":\"da-DK\",\"@id\":\"https:\/\/www.ecmanage.org\/de\/#\/schema\/logo\/image\/\",\"url\":\"https:\/\/www.ecmanage.org\/wp-content\/uploads\/2021\/11\/Ecmanage_logo.png\",\"contentUrl\":\"https:\/\/www.ecmanage.org\/wp-content\/uploads\/2021\/11\/Ecmanage_logo.png\",\"width\":323,\"height\":106,\"caption\":\"www.ecmanage.eu\"},\"image\":{\"@id\":\"https:\/\/www.ecmanage.org\/de\/#\/schema\/logo\/image\/\"}}]}<\/script>\n<!-- \/ Yoast SEO plugin. -->","yoast_head_json":{"title":"Demo - www.ecmanage.eu","robots":{"index":"index","follow":"follow","max-snippet":"max-snippet:-1","max-image-preview":"max-image-preview:large","max-video-preview":"max-video-preview:-1"},"canonical":"https:\/\/www.ecmanage.org\/da\/demo\/","og_locale":"da_DK","og_type":"article","og_title":"Demo - www.ecmanage.eu","og_description":"Request a demo Request a demo Request a demo of the Ecmanage workwear and PPE ordering system. If you leave your details using this form we will make an appointment to give you a demo. Fill in your details in the fields below. We ask you to provide the complete information: your email address, your...","og_url":"https:\/\/www.ecmanage.org\/da\/demo\/","og_site_name":"www.ecmanage.eu","article_modified_time":"2024-05-14T10:24:39+00:00","twitter_card":"summary_large_image","twitter_misc":{"Estimeret l\u00e6setid":"1 minut"},"schema":{"@context":"https:\/\/schema.org","@graph":[{"@type":"WebPage","@id":"https:\/\/www.ecmanage.org\/demo\/","url":"https:\/\/www.ecmanage.org\/demo\/","name":"Demo - www.ecmanage.eu","isPartOf":{"@id":"https:\/\/www.ecmanage.org\/de\/#website"},"datePublished":"2021-12-28T12:07:17+00:00","dateModified":"2024-05-14T10:24:39+00:00","breadcrumb":{"@id":"https:\/\/www.ecmanage.org\/demo\/#breadcrumb"},"inLanguage":"da-DK","potentialAction":[{"@type":"ReadAction","target":["https:\/\/www.ecmanage.org\/demo\/"]}]},{"@type":"BreadcrumbList","@id":"https:\/\/www.ecmanage.org\/demo\/#breadcrumb","itemListElement":[{"@type":"ListItem","position":1,"name":"Home","item":"https:\/\/www.ecmanage.org\/de\/"},{"@type":"ListItem","position":2,"name":"Demo"}]},{"@type":"WebSite","@id":"https:\/\/www.ecmanage.org\/de\/#website","url":"https:\/\/www.ecmanage.org\/de\/","name":"www.ecmanage.eu","description":"Garderobestyringssystem - det er online, det er nemt","publisher":{"@id":"https:\/\/www.ecmanage.org\/de\/#organization"},"potentialAction":[{"@type":"SearchAction","target":{"@type":"EntryPoint","urlTemplate":"https:\/\/www.ecmanage.org\/de\/?s={search_term_string}"},"query-input":{"@type":"PropertyValueSpecification","valueRequired":true,"valueName":"search_term_string"}}],"inLanguage":"da-DK"},{"@type":"Organization","@id":"https:\/\/www.ecmanage.org\/de\/#organization","name":"www.ecmanage.eu","url":"https:\/\/www.ecmanage.org\/de\/","logo":{"@type":"ImageObject","inLanguage":"da-DK","@id":"https:\/\/www.ecmanage.org\/de\/#\/schema\/logo\/image\/","url":"https:\/\/www.ecmanage.org\/wp-content\/uploads\/2021\/11\/Ecmanage_logo.png","contentUrl":"https:\/\/www.ecmanage.org\/wp-content\/uploads\/2021\/11\/Ecmanage_logo.png","width":323,"height":106,"caption":"www.ecmanage.eu"},"image":{"@id":"https:\/\/www.ecmanage.org\/de\/#\/schema\/logo\/image\/"}}]}},"_links":{"self":[{"href":"https:\/\/www.ecmanage.org\/da\/wp-json\/wp\/v2\/pages\/476","targetHints":{"allow":["GET"]}}],"collection":[{"href":"https:\/\/www.ecmanage.org\/da\/wp-json\/wp\/v2\/pages"}],"about":[{"href":"https:\/\/www.ecmanage.org\/da\/wp-json\/wp\/v2\/types\/page"}],"author":[{"embeddable":true,"href":"https:\/\/www.ecmanage.org\/da\/wp-json\/wp\/v2\/users\/6"}],"replies":[{"embeddable":true,"href":"https:\/\/www.ecmanage.org\/da\/wp-json\/wp\/v2\/comments?post=476"}],"version-history":[{"count":56,"href":"https:\/\/www.ecmanage.org\/da\/wp-json\/wp\/v2\/pages\/476\/revisions"}],"predecessor-version":[{"id":4477,"href":"https:\/\/www.ecmanage.org\/da\/wp-json\/wp\/v2\/pages\/476\/revisions\/4477"}],"wp:attachment":[{"href":"https:\/\/www.ecmanage.org\/da\/wp-json\/wp\/v2\/media?parent=476"}],"curies":[{"name":"wp","href":"https:\/\/api.w.org\/{rel}","templated":true}]}}