{"id":3,"date":"2021-11-16T11:24:12","date_gmt":"2021-11-16T11:24:12","guid":{"rendered":"https:\/\/www.ecmanage.eu\/?page_id=3"},"modified":"2023-04-14T15:28:22","modified_gmt":"2023-04-14T15:28:22","slug":"privatlivspolitik","status":"publish","type":"page","link":"https:\/\/www.ecmanage.org\/da\/privatlivspolitik\/","title":{"rendered":"Politik for beskyttelse af personlige oplysninger"},"content":{"rendered":"<div data-elementor-type=\"wp-page\" data-elementor-id=\"3\" class=\"elementor elementor-3\" data-elementor-settings=\"{&quot;ha_cmc_init_switcher&quot;:&quot;no&quot;}\" data-elementor-post-type=\"page\">\n\t\t\t\t\t\t<section class=\"elementor-section elementor-top-section elementor-element elementor-element-558d779f elementor-section-boxed elementor-section-height-default elementor-section-height-default\" data-id=\"558d779f\" data-element_type=\"section\" data-settings=\"{&quot;_ha_eqh_enable&quot;:false}\">\n\t\t\t\t\t\t<div class=\"elementor-container elementor-column-gap-default\">\n\t\t\t\t\t<div class=\"elementor-column elementor-col-100 elementor-top-column elementor-element elementor-element-6e6f9769\" data-id=\"6e6f9769\" data-element_type=\"column\">\n\t\t\t<div class=\"elementor-widget-wrap elementor-element-populated\">\n\t\t\t\t\t\t<div class=\"elementor-element elementor-element-129a58c2 elementor-widget elementor-widget-text-editor\" data-id=\"129a58c2\" data-element_type=\"widget\" data-widget_type=\"text-editor.default\">\n\t\t\t\t<div class=\"elementor-widget-container\">\n\t\t\t\t\t\t\t\t\t<p><\/p>\n<p>Ecmanage BV, beliggende p\u00e5 Laan van Vredenoord 33, 2289 DA RIJSWIJK, er ansvarlig for behandlingen af personoplysninger som vist i denne databeskyttelseserkl\u00e6ring.<\/p>\n<p><\/p>\n<h2 class=\"wp-block-heading\">Kontaktoplysninger:<\/h2>\n<p><\/p>\n<p><a href=\"mailto:info@ecmanage.eu\">info@ecmanage.eu<\/a><br \/>Laan van Vredenoord 33<br \/>2289 DA Rijswijk<br \/>Nederlandene<br \/>+31 (0)70 4157120<\/p>\n<p><\/p>\n<h2 class=\"wp-block-heading\">Personlige data, som vi behandler<\/h2>\n<p><\/p>\n<p>Ecmanage behandler dine personoplysninger, fordi du g\u00f8r brug af vores tjenester, og\/eller fordi du selv giver os dem. Nedenfor er en oversigt over de personlige oplysninger, vi behandler: For- og efternavn, firmanavn, telefonnummer og e-mailadresse<\/p>\n<p><\/p>\n<h2 class=\"wp-block-heading\">S\u00e6rlige og\/eller f\u00f8lsomme personoplysninger, som vi behandler<\/h2>\n<p><\/p>\n<p>Vi behandler ikke s\u00e6rlige og\/eller f\u00f8lsomme personoplysninger.<\/p>\n<p><\/p>\n<h2 class=\"wp-block-heading\">Til hvilket form\u00e5l og p\u00e5 hvilket grundlag behandler vi personoplysninger?<\/h2>\n<p><\/p>\n<p>Ecmanage behandler dine personlige data til f\u00f8lgende form\u00e5l: At sende dig vores nyhedsbrev og\/eller reklamebrochure\/ At kunne ringe til dig eller sende dig en e-mail, hvis det er n\u00f8dvendigt for at kunne levere vores tjenester; At informere dig om \u00e6ndringer i vores tjenester og produkter.<\/p>\n<p><\/p>\n<h2 class=\"wp-block-heading\">Automatiseret beslutningstagning<\/h2>\n<p><\/p>\n<p>Ecmanage tr\u00e6ffer ikke beslutninger p\u00e5 grundlag af automatiseret behandling, der (i v\u00e6sentlig grad) kan p\u00e5virke mennesker. Dette er beslutninger, der tr\u00e6ffes af computerprogrammer eller -systemer uden inddragelse af en person (f.eks. en medarbejder hos Ecmanage).<\/p>\n<p><\/p>\n<h2 class=\"wp-block-heading\">Hvor l\u00e6nge vi opbevarer personlige oplysninger<\/h2>\n<p><\/p>\n<p>Ecmanage opbevarer ikke dine personlige data l\u00e6ngere, end det er strengt n\u00f8dvendigt for at realisere de m\u00e5l, som dine data er indsamlet til.<\/p>\n<p><\/p>\n<h2 class=\"wp-block-heading\">Deling af personlige oplysninger med tredjeparter<\/h2>\n<p><\/p>\n<p>Ecmanage giver kun oplysninger til tredjeparter, og kun hvis det er n\u00f8dvendigt for at gennemf\u00f8re vores aftale med dig eller for at opfylde en lovbestemt forpligtelse.<\/p>\n<p><\/p>\n<h2 class=\"wp-block-heading\">Cookies eller lignende teknikker, som vi bruger<\/h2>\n<p><\/p>\n<p>P\u00e5 denne hjemmeside bruger Ecmanage sessionscookies og sessionslagring. Sessionscookies er funktionelle cookies, der har til form\u00e5l at f\u00e5 hjemmesiden til at fungere korrekt. Fordi de sessionscookies, vi bruger, er funktionelle cookies, er det ikke n\u00f8dvendigt at bede internetbrugeren om tilladelse f\u00f8rst. Disse cookies indeholder et forskelligt, midlertidigt nummer, hver gang du bes\u00f8ger hjemmesiden. Sessionscookies slettes, n\u00e5r du lukker din browser.<\/p>\n<p><\/p>\n<p>Dette websted bruger specifikt ogs\u00e5 sporingscookies til at indsamle oplysninger om sidebes\u00f8g. Til dette har du allerede modtaget en dialog for at indstille dine pr\u00e6ferencer. Du kan ogs\u00e5 klikke p\u00e5\u00a0<a href=\"https:\/\/www.ecmanage.nl\/en-gb\/privacystatement.aspx#\">her<\/a>for at se eller \u00e6ndre disse indstillinger.<\/p>\n<p><span lang=\"EN-US\" style=\"font-size: 11pt;\">For at m\u00e5le den forretningsm\u00e6ssige brug af vores hjemmeside bruger vi tjenesten fra Leadinfo, Rotterdam, Holland. Denne tjeneste viser os firmanavne og adresser baseret p\u00e5 vores bes\u00f8gendes IP-adresser. <\/span><span style=\"font-size: 11pt;\">IP-adressen er ikke inkluderet i dette.<\/span><\/p>\n<p><\/p>\n<h2 class=\"wp-block-heading\">Visning, justering eller sletning af data<\/h2>\n<p><\/p>\n<p>P\u00e5 anmodning informerer vi bes\u00f8gende p\u00e5 vores hjemmeside om de personlige data, der behandles om dem. Eventuelle ukorrekte data kan rettes, suppleres eller fjernes. Hvis du \u00f8nsker at f\u00e5 adgang til disse oplysninger eller rette dine personlige data, bedes du kontakte os p\u00e5 ovenst\u00e5ende adresse.<\/p>\n<p><\/p>\n<h2 class=\"wp-block-heading\">S\u00e5dan beskytter vi personlige data<\/h2>\n<p><\/p>\n<p>Ecmanage tager beskyttelsen af dine data alvorligt og tr\u00e6ffer passende foranstaltninger for at forhindre misbrug, tab, uautoriseret adgang, u\u00f8nsket videregivelse og uautoriserede \u00e6ndringer. Hvis du har indtryk af, at dine data ikke er ordentligt sikret, eller der er tegn p\u00e5 misbrug, bedes du kontakte os p\u00e5\u00a0<a href=\"mailto:info@ecmanage.eu\">info@ecmanage.eu<\/a>.<\/p>\n<p><\/p>\t\t\t\t\t\t\t\t<\/div>\n\t\t\t\t<\/div>\n\t\t\t\t\t<\/div>\n\t\t<\/div>\n\t\t\t\t\t<\/div>\n\t\t<\/section>\n\t\t\t\t<\/div>","protected":false},"excerpt":{"rendered":"<p>Ecmanage BV, beliggende p\u00e5 Laan van Vredenoord 33, 2289 DA RIJSWIJK, er ansvarlig for behandlingen af personoplysninger som vist i denne databeskyttelseserkl\u00e6ring. Kontaktoplysninger: info@ecmanage.euLaan van Vredenoord 332289 DA RijswijkHolland+31 (0)70 4157120 Personoplysninger, som vi behandler Ecmanage behandler dine personoplysninger, fordi du g\u00f8r brug af vores tjenester og\/eller fordi...<\/p>","protected":false},"author":1,"featured_media":0,"parent":0,"menu_order":0,"comment_status":"closed","ping_status":"closed","template":"","meta":{"_eb_attr":"","footnotes":"","_links_to":"","_links_to_target":""},"class_list":["post-3","page","type-page","status-publish","hentry"],"yoast_head":"<!-- This site is optimized with the Yoast SEO plugin v26.7 - https:\/\/yoast.com\/wordpress\/plugins\/seo\/ -->\n<title>Privacy Policy - www.ecmanage.eu<\/title>\n<meta name=\"robots\" content=\"index, follow, max-snippet:-1, max-image-preview:large, max-video-preview:-1\" \/>\n<link rel=\"canonical\" href=\"https:\/\/www.ecmanage.org\/da\/privatlivspolitik\/\" \/>\n<meta property=\"og:locale\" content=\"da_DK\" \/>\n<meta property=\"og:type\" content=\"article\" \/>\n<meta property=\"og:title\" content=\"Privacy Policy - www.ecmanage.eu\" \/>\n<meta property=\"og:description\" content=\"Ecmanage BV, located at Laan van Vredenoord 33, 2289 DA RIJSWIJK, is responsible for the processing of personal data as shown in this privacy statement. Contact details: info@ecmanage.euLaan van Vredenoord 332289 DA RijswijkThe Netherlands+31 (0)70 4157120 Personal data that we process Ecmanage processes your personal data because you make use of our services and\/or because...\" \/>\n<meta property=\"og:url\" content=\"https:\/\/www.ecmanage.org\/da\/privatlivspolitik\/\" \/>\n<meta property=\"og:site_name\" content=\"www.ecmanage.eu\" \/>\n<meta property=\"article:modified_time\" content=\"2023-04-14T15:28:22+00:00\" \/>\n<meta name=\"twitter:card\" content=\"summary_large_image\" \/>\n<meta name=\"twitter:label1\" content=\"Estimeret l\u00e6setid\" \/>\n\t<meta name=\"twitter:data1\" content=\"3 minutter\" \/>\n<script type=\"application\/ld+json\" class=\"yoast-schema-graph\">{\"@context\":\"https:\/\/schema.org\",\"@graph\":[{\"@type\":\"WebPage\",\"@id\":\"https:\/\/www.ecmanage.org\/privacy-policy\/\",\"url\":\"https:\/\/www.ecmanage.org\/privacy-policy\/\",\"name\":\"Privacy Policy - www.ecmanage.eu\",\"isPartOf\":{\"@id\":\"https:\/\/www.ecmanage.org\/de\/#website\"},\"datePublished\":\"2021-11-16T11:24:12+00:00\",\"dateModified\":\"2023-04-14T15:28:22+00:00\",\"breadcrumb\":{\"@id\":\"https:\/\/www.ecmanage.org\/privacy-policy\/#breadcrumb\"},\"inLanguage\":\"da-DK\",\"potentialAction\":[{\"@type\":\"ReadAction\",\"target\":[\"https:\/\/www.ecmanage.org\/privacy-policy\/\"]}]},{\"@type\":\"BreadcrumbList\",\"@id\":\"https:\/\/www.ecmanage.org\/privacy-policy\/#breadcrumb\",\"itemListElement\":[{\"@type\":\"ListItem\",\"position\":1,\"name\":\"Home\",\"item\":\"https:\/\/www.ecmanage.org\/de\/\"},{\"@type\":\"ListItem\",\"position\":2,\"name\":\"Privacy Policy\"}]},{\"@type\":\"WebSite\",\"@id\":\"https:\/\/www.ecmanage.org\/de\/#website\",\"url\":\"https:\/\/www.ecmanage.org\/de\/\",\"name\":\"www.ecmanage.eu\",\"description\":\"Wardrobe Management System - It&#039;s Online, It&#039;s Easy\",\"publisher\":{\"@id\":\"https:\/\/www.ecmanage.org\/de\/#organization\"},\"potentialAction\":[{\"@type\":\"SearchAction\",\"target\":{\"@type\":\"EntryPoint\",\"urlTemplate\":\"https:\/\/www.ecmanage.org\/de\/?s={search_term_string}\"},\"query-input\":{\"@type\":\"PropertyValueSpecification\",\"valueRequired\":true,\"valueName\":\"search_term_string\"}}],\"inLanguage\":\"da-DK\"},{\"@type\":\"Organization\",\"@id\":\"https:\/\/www.ecmanage.org\/de\/#organization\",\"name\":\"www.ecmanage.eu\",\"url\":\"https:\/\/www.ecmanage.org\/de\/\",\"logo\":{\"@type\":\"ImageObject\",\"inLanguage\":\"da-DK\",\"@id\":\"https:\/\/www.ecmanage.org\/de\/#\/schema\/logo\/image\/\",\"url\":\"https:\/\/www.ecmanage.org\/wp-content\/uploads\/2021\/11\/Ecmanage_logo.png\",\"contentUrl\":\"https:\/\/www.ecmanage.org\/wp-content\/uploads\/2021\/11\/Ecmanage_logo.png\",\"width\":323,\"height\":106,\"caption\":\"www.ecmanage.eu\"},\"image\":{\"@id\":\"https:\/\/www.ecmanage.org\/de\/#\/schema\/logo\/image\/\"}}]}<\/script>\n<!-- \/ Yoast SEO plugin. -->","yoast_head_json":{"title":"Fortrolighedspolitik - www.ecmanage.eu","robots":{"index":"index","follow":"follow","max-snippet":"max-snippet:-1","max-image-preview":"max-image-preview:large","max-video-preview":"max-video-preview:-1"},"canonical":"https:\/\/www.ecmanage.org\/da\/privatlivspolitik\/","og_locale":"da_DK","og_type":"article","og_title":"Privacy Policy - www.ecmanage.eu","og_description":"Ecmanage BV, located at Laan van Vredenoord 33, 2289 DA RIJSWIJK, is responsible for the processing of personal data as shown in this privacy statement. Contact details: info@ecmanage.euLaan van Vredenoord 332289 DA RijswijkThe Netherlands+31 (0)70 4157120 Personal data that we process Ecmanage processes your personal data because you make use of our services and\/or because...","og_url":"https:\/\/www.ecmanage.org\/da\/privatlivspolitik\/","og_site_name":"www.ecmanage.eu","article_modified_time":"2023-04-14T15:28:22+00:00","twitter_card":"summary_large_image","twitter_misc":{"Estimeret l\u00e6setid":"3 minutter"},"schema":{"@context":"https:\/\/schema.org","@graph":[{"@type":"WebPage","@id":"https:\/\/www.ecmanage.org\/privacy-policy\/","url":"https:\/\/www.ecmanage.org\/privacy-policy\/","name":"Fortrolighedspolitik - www.ecmanage.eu","isPartOf":{"@id":"https:\/\/www.ecmanage.org\/de\/#website"},"datePublished":"2021-11-16T11:24:12+00:00","dateModified":"2023-04-14T15:28:22+00:00","breadcrumb":{"@id":"https:\/\/www.ecmanage.org\/privacy-policy\/#breadcrumb"},"inLanguage":"da-DK","potentialAction":[{"@type":"ReadAction","target":["https:\/\/www.ecmanage.org\/privacy-policy\/"]}]},{"@type":"BreadcrumbList","@id":"https:\/\/www.ecmanage.org\/privacy-policy\/#breadcrumb","itemListElement":[{"@type":"ListItem","position":1,"name":"Home","item":"https:\/\/www.ecmanage.org\/de\/"},{"@type":"ListItem","position":2,"name":"Privacy Policy"}]},{"@type":"WebSite","@id":"https:\/\/www.ecmanage.org\/de\/#website","url":"https:\/\/www.ecmanage.org\/de\/","name":"www.ecmanage.eu","description":"Garderobestyringssystem - det er online, det er nemt","publisher":{"@id":"https:\/\/www.ecmanage.org\/de\/#organization"},"potentialAction":[{"@type":"SearchAction","target":{"@type":"EntryPoint","urlTemplate":"https:\/\/www.ecmanage.org\/de\/?s={search_term_string}"},"query-input":{"@type":"PropertyValueSpecification","valueRequired":true,"valueName":"search_term_string"}}],"inLanguage":"da-DK"},{"@type":"Organization","@id":"https:\/\/www.ecmanage.org\/de\/#organization","name":"www.ecmanage.eu","url":"https:\/\/www.ecmanage.org\/de\/","logo":{"@type":"ImageObject","inLanguage":"da-DK","@id":"https:\/\/www.ecmanage.org\/de\/#\/schema\/logo\/image\/","url":"https:\/\/www.ecmanage.org\/wp-content\/uploads\/2021\/11\/Ecmanage_logo.png","contentUrl":"https:\/\/www.ecmanage.org\/wp-content\/uploads\/2021\/11\/Ecmanage_logo.png","width":323,"height":106,"caption":"www.ecmanage.eu"},"image":{"@id":"https:\/\/www.ecmanage.org\/de\/#\/schema\/logo\/image\/"}}]}},"_links":{"self":[{"href":"https:\/\/www.ecmanage.org\/da\/wp-json\/wp\/v2\/pages\/3","targetHints":{"allow":["GET"]}}],"collection":[{"href":"https:\/\/www.ecmanage.org\/da\/wp-json\/wp\/v2\/pages"}],"about":[{"href":"https:\/\/www.ecmanage.org\/da\/wp-json\/wp\/v2\/types\/page"}],"author":[{"embeddable":true,"href":"https:\/\/www.ecmanage.org\/da\/wp-json\/wp\/v2\/users\/1"}],"replies":[{"embeddable":true,"href":"https:\/\/www.ecmanage.org\/da\/wp-json\/wp\/v2\/comments?post=3"}],"version-history":[{"count":12,"href":"https:\/\/www.ecmanage.org\/da\/wp-json\/wp\/v2\/pages\/3\/revisions"}],"predecessor-version":[{"id":3176,"href":"https:\/\/www.ecmanage.org\/da\/wp-json\/wp\/v2\/pages\/3\/revisions\/3176"}],"wp:attachment":[{"href":"https:\/\/www.ecmanage.org\/da\/wp-json\/wp\/v2\/media?parent=3"}],"curies":[{"name":"wp","href":"https:\/\/api.w.org\/{rel}","templated":true}]}}